{"id":3647,"date":"2021-09-14T15:32:52","date_gmt":"2021-09-14T15:32:52","guid":{"rendered":"http:\/\/main.brokersalliancerealty.com\/?page_id=3647"},"modified":"2021-09-22T11:52:45","modified_gmt":"2021-09-22T11:52:45","slug":"selling-your-property","status":"publish","type":"page","link":"https:\/\/main.brokersalliancerealty.com\/es\/selling-your-property\/","title":{"rendered":"Venta De Bienes Ra\u00edces"},"content":{"rendered":"<h4>Brokers Alliance Realty le ayudar\u00e1 a vender su propiedad siguiendo estos pasos:<\/h4>\n<p><a href=\"\">Paso #1<\/a><br \/>\n<a href=\"\">Paso #2<\/a><br \/>\n<a href=\"\">Paso #3<\/a><br \/>\n<a href=\"\">Paso #4<\/a><br \/>\n<a href=\"\">Paso #5<\/a><br \/>\nPaso #1<\/p>\n<h4>PRECIO<\/h4>\n<p>Of course, finding the right price is the first step to sell your home! To find the best strategy we must do a professional CMA on your property, this will lead us closer to finding the current market value of your property; however, that is never the end. Market value is defined on the range, weighing market conditions, property conditions, seller\u2019s motivation. Our firm is never in a hurry to just make a deal. We will work hard to find the right deal for you.<\/p>\n<p><img loading=\"lazy\" decoding=\"async\" src=\"http:\/\/main.brokersalliancerealty.com\/wp-content\/uploads\/2021\/09\/pricing-300x150.jpg\" alt=\"\" width=\"300\" height=\"150\"><\/p>\n<p>Paso #2<\/p>\n<h4>ARREGLAR LA PROPIEDAD<\/h4>\n<p>Property staging is very important if you want to maximize the profit from the sale of your property. In many cases, making your property ready will require some investment to improve some cosmetic details. The goal is to encourage buyers to offer full price. It\u2019s OK. All our agents will be able to give you staging tips, based on current trends and value vs cost gained.<br \/>\n<img loading=\"lazy\" decoding=\"async\" src=\"http:\/\/main.brokersalliancerealty.com\/wp-content\/uploads\/2021\/09\/staging-300x113.jpg\" alt=\"\" width=\"300\" height=\"113\"><br \/>\nPaso #3<\/p>\n<h4>FUERTE MERCADEO<\/h4>\n<p>\u00a1Aqu\u00ed es donde brillan todos nuestros agentes! Tenemos la capacidad de mostrar y describir su hogar de manera hermosa y precisa seg\u00fan las tendencias actuales. Ingresaremos las excelentes caracter\u00edsticas de su hogar, y miles de compradores interesados  de nuestras rede, podran descubrir esta oportunidad facilmente. \u200b\u200bNo sobreventa, no subventa. Filtraremos las llamadas de phishing y solo los compradores calificados tendr\u00e1n la oportunidad de presentarse. Sabemos que su casa fue la casa de sus sue\u00f1os durante un per\u00edodo de tiempo. Tambi\u00e9n sabemos que alguien est\u00e1 buscando una propiedad exactamente como la suya para la pr\u00f3xima casa de sus sue\u00f1os.<br \/>\n<img loading=\"lazy\" decoding=\"async\" src=\"http:\/\/main.brokersalliancerealty.com\/wp-content\/uploads\/2021\/09\/marketing-300x113.jpg\" alt=\"\" width=\"300\" height=\"113\"><br \/>\nPaso #4<\/p>\n<h4>SERVICIO PERSONALIZADO<\/h4>\n<p>En Brokers Alliance Realty nos destacamos por el valor que le damos al servicio personal cuando tratamos a nuestros clientes. Al poner su propiedad a la venta con nosotros, podremos darle a usted, el vendedor, comentarios de los compradores. El vendedor se sentir\u00e1 menos vulnerable, porque est\u00e1 representado por alguien que conoce de manera personal, mitigando as\u00ed esa sensaci\u00f3n de tener extra\u00f1os invadiendo su hogar.<\/p>\n<p><img loading=\"lazy\" decoding=\"async\" src=\"http:\/\/main.brokersalliancerealty.com\/wp-content\/uploads\/2021\/09\/personal-300x113.jpg\" alt=\"\" width=\"300\" height=\"113\"><\/p>\n<p>Paso #5<\/p>\n<h4>NEGOCIACI\u00d3N Y CIERRE<\/h4>\n<p>Los agentes de Brokers Alliance Realty tenemos la ventaja sobre MUCHOS otros agentes, es que somos personas de negocios, y con mucha experiencia. No nos asusta sentarnos en la mesa de negociaciones o de pedir lo que nuestro lado necesita. Adem\u00e1s, con todo nuestro tiempo en el mercado hemos construido una s\u00f3lida relaci\u00f3n con nuestros colegas, que incluye bancos, inspectores, agentes hipotecarios, otros agentes inmobiliarios, etc. \u00a1No hay duda de que usted estar\u00e1 bien representado de principio a fin!<br \/>\n<img loading=\"lazy\" decoding=\"async\" src=\"http:\/\/main.brokersalliancerealty.com\/wp-content\/uploads\/2021\/09\/closing-300x113.jpg\" alt=\"\" width=\"300\" height=\"113\"><br \/>\n<img decoding=\"async\" width=\"800\" height=\"800\" src=\"http:\/\/brokersalliancerealty.com\/wp-content\/uploads\/2021\/09\/forsale.jpg\" alt=\"\" loading=\"lazy\" srcset=\"http:\/\/brokersalliancerealty.com\/wp-content\/uploads\/2021\/09\/forsale.jpg 800w, http:\/\/brokersalliancerealty.com\/wp-content\/uploads\/2021\/09\/forsale-300x300.jpg 300w, http:\/\/brokersalliancerealty.com\/wp-content\/uploads\/2021\/09\/forsale-150x150.jpg 150w, http:\/\/brokersalliancerealty.com\/wp-content\/uploads\/2021\/09\/forsale-768x768.jpg 768w, http:\/\/brokersalliancerealty.com\/wp-content\/uploads\/2021\/09\/forsale-12x12.jpg 12w, http:\/\/brokersalliancerealty.com\/wp-content\/uploads\/2021\/09\/forsale-370x370.jpg 370w, http:\/\/brokersalliancerealty.com\/wp-content\/uploads\/2021\/09\/forsale-220x220.jpg 220w, http:\/\/brokersalliancerealty.com\/wp-content\/uploads\/2021\/09\/forsale-760x760.jpg 760w\" sizes=\"auto, (max-width: 800px) 100vw, 800px\"><\/p>\n<blockquote><p>No le haremos perder el tiempo diciendole que  estos son pasos sencillos. Cada movimiento debe pensarse cuidadosamente y se deben tomar muchas decisiones que le afectara muy directamente.&nbsp;<\/p><\/blockquote>\n<p>ventajas<\/p>\n<h2>\u00bfPor Qu\u00e9 Elegirnos?<\/h2>\n<p><!-- \/.sc_title --><\/p>\n<style type=\"text\/css\">.trx_addons_inline_820873228{color:#23CCD4 !important}<\/style>\n<h4>Experiencia<\/h4>\n<p>Cada agente en nuestro equipo tiene d\u00e9cadas de experiencia en bienes ra\u00edces concentrada en el sur de la Florida.  Nosotros hemos visto cambios en nuestras comunidades, a veces para bien, a veces para mal, d\u00e1ndonos una gran perspectiva para asesorar y encontrar lo que usted necesita<\/p>\n<h4>Vivimos Localmente<\/h4>\n<p>Vivimos en el \u00e1rea en la que trabajamos, lo que nos hace no solo estar muy bien informados de todas las muchas comunidades de nuestra area, sino que tambi\u00e9n estamos orgullosos de ser parte de nuestra hermosa tierra aqui en el sur de la Florida.<\/p>\n<h4>Reputaci\u00f3n<\/h4>\n<p>Hemos trabajado con muchos profesionales en nuestra industria. Nuestros colegas, incluyendo agentes de t\u00edtulos, corredores hipotecarios, brokers y demas, saben que esperamos una alta calidad \u00e9 integridad en sus trabajo asi como nosotros ponemos en el nuestro.<\/p>\n<h4>Entrenamiento<\/h4>\n<p>At Brokers Alliance Realty, Inc, we dare not happy with the minimum continuing education mandated by the state of Florida. We are always training in highly specialized courses, to keep up with industry&#8217;s trends and current technology, which makes for better marketing<\/p>\n<h4>Servicio Personal<\/h4>\n<p>Dedicaremos todo el tiempo que sea necesario para averiguar cu\u00e1les son sus necesidades y las caracteristicas deseadas. Nosotros, buscaremos la propiedad que este dentro de su capacidad economica y llene todas sus requisitos. No hay dos transacciones iguales. Todas las situaciones incluyen una red de variables complejas. Nuestra virtud es poder ofrecer un servicio \u00fanico, personalizado solo para usted.<\/p>\n<h4>Negociadores Experimentados<\/h4>\n<p>Todos los agentes de bienes ra\u00edces en el equipo de Brokers Alliance tienen una experiencia s\u00f3lida en la rama de negocios. Nuestra competencia se demuestra cuando aprovechamos las oportunidades en el momento de negociar el contrato, asi poder beneficiar nuestro cliente, ya sea un comprador o un vendedor<!-- \/.sc_icons --><br \/>\nTienes Una Pregunta?<\/p>\n<h2>Queremos Oir De Ti<\/h2>\n<p><!-- \/.sc_title --><\/p>\n\n<div class=\"wpcf7 no-js\" id=\"wpcf7-f222-o1\" lang=\"en-US\" dir=\"ltr\" data-wpcf7-id=\"222\">\n<div class=\"screen-reader-response\"><p role=\"status\" aria-live=\"polite\" aria-atomic=\"true\"><\/p> <ul><\/ul><\/div>\n<form action=\"\/es\/wp-json\/wp\/v2\/pages\/3647#wpcf7-f222-o1\" method=\"post\" class=\"wpcf7-form init\" aria-label=\"Contact form\" novalidate=\"novalidate\" data-status=\"init\" data-trp-original-action=\"\/es\/wp-json\/wp\/v2\/pages\/3647#wpcf7-f222-o1\">\n<div style=\"display: none;\">\n<input type=\"hidden\" name=\"_wpcf7\" value=\"222\" \/>\n<input type=\"hidden\" name=\"_wpcf7_version\" value=\"6.0.6\" \/>\n<input type=\"hidden\" name=\"_wpcf7_locale\" value=\"en_US\" \/>\n<input type=\"hidden\" name=\"_wpcf7_unit_tag\" value=\"wpcf7-f222-o1\" \/>\n<input type=\"hidden\" name=\"_wpcf7_container_post\" value=\"0\" \/>\n<input type=\"hidden\" name=\"_wpcf7_posted_data_hash\" value=\"\" \/>\n<input type=\"hidden\" name=\"_wpcf7dtx_version\" value=\"5.0.2\" \/>\n<\/div>\n<div class=\"sc_form sc_form_default form_white\">\n\t<div class=\"sc_form_details trx_addons_columns_wrap\">\n\t\t<div class=\"trx_addons_column-1_2\">\n\t\t\t<p><span class=\"wpcf7-form-control-wrap\" data-name=\"enter-your-name\"><input size=\"40\" maxlength=\"400\" class=\"wpcf7-form-control wpcf7-text wpcf7-validates-as-required\" aria-required=\"true\" aria-invalid=\"false\" placeholder=\"Nombre:\" value=\"\" type=\"text\" name=\"enter-your-name\" \/><\/span>\n\t\t\t<\/p>\n\t\t<\/div>\n\t\t<div class=\"trx_addons_column-1_2\">\n\t\t\t<p><span class=\"wpcf7-form-control-wrap\" data-name=\"enter-your-email\"><input size=\"40\" maxlength=\"400\" class=\"wpcf7-form-control wpcf7-email wpcf7-validates-as-required wpcf7-text wpcf7-validates-as-email\" aria-required=\"true\" aria-invalid=\"false\" placeholder=\"e-Mail:\" value=\"\" type=\"email\" name=\"enter-your-email\" \/><\/span>\n\t\t\t<\/p>\n\t\t<\/div>\n\t\t<div class=\"trx_addons_column-1_1\">\n\t\t\t<p><span class=\"wpcf7-form-control-wrap\" data-name=\"enter-your-message\"><textarea cols=\"40\" rows=\"10\" maxlength=\"2000\" class=\"wpcf7-form-control wpcf7-textarea\" aria-invalid=\"false\" placeholder=\"Tu Mensaje:\" name=\"enter-your-message\"><\/textarea><\/span>\n\t\t\t<\/p>\n\t\t<\/div>\n\t<\/div>\n\t<div class=\"sc_form_field sc_form_field_checkbox\">\n\t\t<p><span class=\"wpcf7-form-control-wrap\" data-name=\"acceptance-993\"><span class=\"wpcf7-form-control wpcf7-acceptance\"><span class=\"wpcf7-list-item\"><label><input type=\"checkbox\" name=\"acceptance-993\" value=\"1\" aria-invalid=\"false\" \/><span class=\"wpcf7-list-item-label\">Al utilizar este formulario, usted acepta el almacenamiento y manejo de sus datos por parte de BrokersAllianceRealty.com<\/span><\/label><\/span><\/span><\/span>\n\t\t<\/p>\n\t<\/div>\n\t<div class=\"sc_form_field sc_form_field_button sc_form_field_submit\">\n\t\t<p><input class=\"wpcf7-form-control wpcf7-submit has-spinner\" type=\"submit\" value=\"Enviar Mensaje\" \/>\n\t\t<\/p>\n\t<\/div>\n<\/div><div class=\"wpcf7-response-output\" aria-hidden=\"true\"><\/div>\n<input type=\"hidden\" name=\"trp-form-language\" value=\"es\"\/><\/form>\n<\/div>","protected":false},"excerpt":{"rendered":"<p>Brokers Alliance Realty will help sell your property following these steps: Step #1 Step #2 Step #3 Step #4 Step #5 Step #1 PRICING Of course, finding the right price is the first step to sell your home! To find the best strategy we must do a professional CMA on your property, this will lead us closer to finding the current market value of your property; however, that is never the end. Market value is defined on the range, weighing market conditions, property conditions, seller\u2019s motivation. Our firm is never in a hurry to just make a deal. We will work hard to find the right deal for you. Step #2 PROPERTY STAGING Property staging is very important if you want to maximize the profit from the sale of your property. In many cases, making your property ready will require some investment to improve some cosmetic details. The goal is&hellip;<\/p>","protected":false},"author":1,"featured_media":0,"parent":0,"menu_order":0,"comment_status":"closed","ping_status":"closed","template":"","meta":{"footnotes":""},"class_list":["post-3647","page","type-page","status-publish","hentry"],"yoast_head":"<!-- This site is optimized with the Yoast SEO plugin v27.2 - https:\/\/yoast.com\/product\/yoast-seo-wordpress\/ -->\n<title>Selling Real Estate - Brokers Alliance Realty<\/title>\n<meta name=\"robots\" content=\"index, follow, max-snippet:-1, max-image-preview:large, max-video-preview:-1\" \/>\n<link rel=\"canonical\" href=\"https:\/\/main.brokersalliancerealty.com\/es\/selling-your-property\/\" \/>\n<meta property=\"og:locale\" content=\"es_ES\" \/>\n<meta property=\"og:type\" content=\"article\" \/>\n<meta property=\"og:title\" content=\"Selling Real Estate - Brokers Alliance Realty\" \/>\n<meta property=\"og:description\" content=\"Brokers Alliance Realty will help sell your property following these steps: Step #1 Step #2 Step #3 Step #4 Step #5 Step #1 PRICING Of course, finding the right price is the first step to sell your home! To find the best strategy we must do a professional CMA on your property, this will lead us closer to finding the current market value of your property; however, that is never the end. Market value is defined on the range, weighing market conditions, property conditions, seller\u2019s motivation. Our firm is never in a hurry to just make a deal. We will work hard to find the right deal for you. Step #2 PROPERTY STAGING Property staging is very important if you want to maximize the profit from the sale of your property. In many cases, making your property ready will require some investment to improve some cosmetic details. The goal is&hellip;\" \/>\n<meta property=\"og:url\" content=\"https:\/\/main.brokersalliancerealty.com\/es\/selling-your-property\/\" \/>\n<meta property=\"og:site_name\" content=\"Brokers Alliance Realty\" \/>\n<meta property=\"article:modified_time\" content=\"2021-09-22T11:52:45+00:00\" \/>\n<meta property=\"og:image\" content=\"http:\/\/main.brokersalliancerealty.com\/wp-content\/uploads\/2021\/09\/pricing-300x150.jpg\" \/>\n<meta name=\"twitter:card\" content=\"summary_large_image\" \/>\n<meta name=\"twitter:label1\" content=\"Tiempo de lectura\" \/>\n\t<meta name=\"twitter:data1\" content=\"4 minutos\" \/>\n<script type=\"application\/ld+json\" class=\"yoast-schema-graph\">{\"@context\":\"https:\/\/schema.org\",\"@graph\":[{\"@type\":\"WebPage\",\"@id\":\"https:\/\/main.brokersalliancerealty.com\/selling-your-property\/\",\"url\":\"https:\/\/main.brokersalliancerealty.com\/selling-your-property\/\",\"name\":\"Selling Real Estate - Brokers Alliance Realty\",\"isPartOf\":{\"@id\":\"https:\/\/main.brokersalliancerealty.com\/#website\"},\"primaryImageOfPage\":{\"@id\":\"https:\/\/main.brokersalliancerealty.com\/selling-your-property\/#primaryimage\"},\"image\":{\"@id\":\"https:\/\/main.brokersalliancerealty.com\/selling-your-property\/#primaryimage\"},\"thumbnailUrl\":\"http:\/\/main.brokersalliancerealty.com\/wp-content\/uploads\/2021\/09\/pricing-300x150.jpg\",\"datePublished\":\"2021-09-14T15:32:52+00:00\",\"dateModified\":\"2021-09-22T11:52:45+00:00\",\"breadcrumb\":{\"@id\":\"https:\/\/main.brokersalliancerealty.com\/selling-your-property\/#breadcrumb\"},\"inLanguage\":\"es\",\"potentialAction\":[{\"@type\":\"ReadAction\",\"target\":[\"https:\/\/main.brokersalliancerealty.com\/selling-your-property\/\"]}]},{\"@type\":\"ImageObject\",\"inLanguage\":\"es\",\"@id\":\"https:\/\/main.brokersalliancerealty.com\/selling-your-property\/#primaryimage\",\"url\":\"http:\/\/main.brokersalliancerealty.com\/wp-content\/uploads\/2021\/09\/pricing-300x150.jpg\",\"contentUrl\":\"http:\/\/main.brokersalliancerealty.com\/wp-content\/uploads\/2021\/09\/pricing-300x150.jpg\"},{\"@type\":\"BreadcrumbList\",\"@id\":\"https:\/\/main.brokersalliancerealty.com\/selling-your-property\/#breadcrumb\",\"itemListElement\":[{\"@type\":\"ListItem\",\"position\":1,\"name\":\"Home\",\"item\":\"https:\/\/main.brokersalliancerealty.com\/\"},{\"@type\":\"ListItem\",\"position\":2,\"name\":\"Selling Real Estate\"}]},{\"@type\":\"WebSite\",\"@id\":\"https:\/\/main.brokersalliancerealty.com\/#website\",\"url\":\"https:\/\/main.brokersalliancerealty.com\/\",\"name\":\"Brokers Alliance Realty\",\"description\":\"Partnering For Your Success\",\"publisher\":{\"@id\":\"https:\/\/main.brokersalliancerealty.com\/#organization\"},\"potentialAction\":[{\"@type\":\"SearchAction\",\"target\":{\"@type\":\"EntryPoint\",\"urlTemplate\":\"https:\/\/main.brokersalliancerealty.com\/?s={search_term_string}\"},\"query-input\":{\"@type\":\"PropertyValueSpecification\",\"valueRequired\":true,\"valueName\":\"search_term_string\"}}],\"inLanguage\":\"es\"},{\"@type\":\"Organization\",\"@id\":\"https:\/\/main.brokersalliancerealty.com\/#organization\",\"name\":\"Brokers Alliance Realty\",\"url\":\"https:\/\/main.brokersalliancerealty.com\/\",\"logo\":{\"@type\":\"ImageObject\",\"inLanguage\":\"es\",\"@id\":\"https:\/\/main.brokersalliancerealty.com\/#\/schema\/logo\/image\/\",\"url\":\"https:\/\/main.brokersalliancerealty.com\/wp-content\/uploads\/2019\/04\/cropped-logo.png\",\"contentUrl\":\"https:\/\/main.brokersalliancerealty.com\/wp-content\/uploads\/2019\/04\/cropped-logo.png\",\"width\":313,\"height\":216,\"caption\":\"Brokers Alliance Realty\"},\"image\":{\"@id\":\"https:\/\/main.brokersalliancerealty.com\/#\/schema\/logo\/image\/\"}}]}<\/script>\n<!-- \/ Yoast SEO plugin. -->","yoast_head_json":{"title":"Selling Real Estate - Brokers Alliance Realty","robots":{"index":"index","follow":"follow","max-snippet":"max-snippet:-1","max-image-preview":"max-image-preview:large","max-video-preview":"max-video-preview:-1"},"canonical":"https:\/\/main.brokersalliancerealty.com\/es\/selling-your-property\/","og_locale":"es_ES","og_type":"article","og_title":"Selling Real Estate - Brokers Alliance Realty","og_description":"Brokers Alliance Realty will help sell your property following these steps: Step #1 Step #2 Step #3 Step #4 Step #5 Step #1 PRICING Of course, finding the right price is the first step to sell your home! To find the best strategy we must do a professional CMA on your property, this will lead us closer to finding the current market value of your property; however, that is never the end. Market value is defined on the range, weighing market conditions, property conditions, seller\u2019s motivation. Our firm is never in a hurry to just make a deal. We will work hard to find the right deal for you. Step #2 PROPERTY STAGING Property staging is very important if you want to maximize the profit from the sale of your property. In many cases, making your property ready will require some investment to improve some cosmetic details. The goal is&hellip;","og_url":"https:\/\/main.brokersalliancerealty.com\/es\/selling-your-property\/","og_site_name":"Brokers Alliance Realty","article_modified_time":"2021-09-22T11:52:45+00:00","og_image":[{"url":"http:\/\/main.brokersalliancerealty.com\/wp-content\/uploads\/2021\/09\/pricing-300x150.jpg","type":"","width":"","height":""}],"twitter_card":"summary_large_image","twitter_misc":{"Tiempo de lectura":"4 minutos"},"schema":{"@context":"https:\/\/schema.org","@graph":[{"@type":"WebPage","@id":"https:\/\/main.brokersalliancerealty.com\/selling-your-property\/","url":"https:\/\/main.brokersalliancerealty.com\/selling-your-property\/","name":"Selling Real Estate - Brokers Alliance Realty","isPartOf":{"@id":"https:\/\/main.brokersalliancerealty.com\/#website"},"primaryImageOfPage":{"@id":"https:\/\/main.brokersalliancerealty.com\/selling-your-property\/#primaryimage"},"image":{"@id":"https:\/\/main.brokersalliancerealty.com\/selling-your-property\/#primaryimage"},"thumbnailUrl":"http:\/\/main.brokersalliancerealty.com\/wp-content\/uploads\/2021\/09\/pricing-300x150.jpg","datePublished":"2021-09-14T15:32:52+00:00","dateModified":"2021-09-22T11:52:45+00:00","breadcrumb":{"@id":"https:\/\/main.brokersalliancerealty.com\/selling-your-property\/#breadcrumb"},"inLanguage":"es","potentialAction":[{"@type":"ReadAction","target":["https:\/\/main.brokersalliancerealty.com\/selling-your-property\/"]}]},{"@type":"ImageObject","inLanguage":"es","@id":"https:\/\/main.brokersalliancerealty.com\/selling-your-property\/#primaryimage","url":"http:\/\/main.brokersalliancerealty.com\/wp-content\/uploads\/2021\/09\/pricing-300x150.jpg","contentUrl":"http:\/\/main.brokersalliancerealty.com\/wp-content\/uploads\/2021\/09\/pricing-300x150.jpg"},{"@type":"BreadcrumbList","@id":"https:\/\/main.brokersalliancerealty.com\/selling-your-property\/#breadcrumb","itemListElement":[{"@type":"ListItem","position":1,"name":"Home","item":"https:\/\/main.brokersalliancerealty.com\/"},{"@type":"ListItem","position":2,"name":"Selling Real Estate"}]},{"@type":"WebSite","@id":"https:\/\/main.brokersalliancerealty.com\/#website","url":"https:\/\/main.brokersalliancerealty.com\/","name":"Brokers Alliance Realty","description":"Partnering For Your Success","publisher":{"@id":"https:\/\/main.brokersalliancerealty.com\/#organization"},"potentialAction":[{"@type":"SearchAction","target":{"@type":"EntryPoint","urlTemplate":"https:\/\/main.brokersalliancerealty.com\/?s={search_term_string}"},"query-input":{"@type":"PropertyValueSpecification","valueRequired":true,"valueName":"search_term_string"}}],"inLanguage":"es"},{"@type":"Organization","@id":"https:\/\/main.brokersalliancerealty.com\/#organization","name":"Brokers Alliance Realty","url":"https:\/\/main.brokersalliancerealty.com\/","logo":{"@type":"ImageObject","inLanguage":"es","@id":"https:\/\/main.brokersalliancerealty.com\/#\/schema\/logo\/image\/","url":"https:\/\/main.brokersalliancerealty.com\/wp-content\/uploads\/2019\/04\/cropped-logo.png","contentUrl":"https:\/\/main.brokersalliancerealty.com\/wp-content\/uploads\/2019\/04\/cropped-logo.png","width":313,"height":216,"caption":"Brokers Alliance Realty"},"image":{"@id":"https:\/\/main.brokersalliancerealty.com\/#\/schema\/logo\/image\/"}}]}},"_links":{"self":[{"href":"https:\/\/main.brokersalliancerealty.com\/es\/wp-json\/wp\/v2\/pages\/3647","targetHints":{"allow":["GET"]}}],"collection":[{"href":"https:\/\/main.brokersalliancerealty.com\/es\/wp-json\/wp\/v2\/pages"}],"about":[{"href":"https:\/\/main.brokersalliancerealty.com\/es\/wp-json\/wp\/v2\/types\/page"}],"author":[{"embeddable":true,"href":"https:\/\/main.brokersalliancerealty.com\/es\/wp-json\/wp\/v2\/users\/1"}],"replies":[{"embeddable":true,"href":"https:\/\/main.brokersalliancerealty.com\/es\/wp-json\/wp\/v2\/comments?post=3647"}],"version-history":[{"count":72,"href":"https:\/\/main.brokersalliancerealty.com\/es\/wp-json\/wp\/v2\/pages\/3647\/revisions"}],"predecessor-version":[{"id":3789,"href":"https:\/\/main.brokersalliancerealty.com\/es\/wp-json\/wp\/v2\/pages\/3647\/revisions\/3789"}],"wp:attachment":[{"href":"https:\/\/main.brokersalliancerealty.com\/es\/wp-json\/wp\/v2\/media?parent=3647"}],"curies":[{"name":"wp","href":"https:\/\/api.w.org\/{rel}","templated":true}]}}