{"id":3516,"date":"2021-09-13T17:28:04","date_gmt":"2021-09-13T17:28:04","guid":{"rendered":"http:\/\/main.brokersalliancerealty.com\/?page_id=3516"},"modified":"2021-09-22T16:45:22","modified_gmt":"2021-09-22T16:45:22","slug":"about-us","status":"publish","type":"page","link":"https:\/\/main.brokersalliancerealty.com\/es\/about-us\/","title":{"rendered":"Qui\u00e9n Somos"},"content":{"rendered":"<p><img decoding=\"async\" width=\"514\" height=\"607\" src=\"http:\/\/main.brokersalliancerealty.com\/wp-content\/uploads\/2021\/07\/Aboutus.jpg\" alt=\"\" loading=\"lazy\"><\/p>\n<aside id=\"trx_widget_video_1859200482_widget\"><!--[if lt IE 9]><![endif]--><br \/>\n<video id=\"video-3516-1\" width=\"640\" height=\"360\" preload=\"metadata\" controls=\"controls\"><source type=\"video\/mp4\" src=\"http:\/\/main.brokersalliancerealty.com\/wp-content\/uploads\/2021\/07\/FortLauderdale.mp4?_=1\"><a href=\"http:\/\/main.brokersalliancerealty.com\/wp-content\/uploads\/2021\/07\/FortLauderdale.mp4\">http:\/\/main.brokersalliancerealty.com\/wp-content\/uploads\/2021\/07\/FortLauderdale.mp4<\/a><\/video><\/aside>\n<p>\t\t\tQui\u00e9n Somos<\/p>\n<h2>Nuestra Misi\u00f3n<\/h2>\n<blockquote><p>Nuestra misi\u00f3n es proporcionar un servicio sin comparaci\u00f3n para que nuestros clientes, tanto compradores como vendedores, est\u00e9n encantados con el resultado y libres de estr\u00e9s durante todo el proceso.<\/p><\/blockquote>\n<p>La comprar o la venta de una propiedad es la transacci\u00f3n financiera m\u00e1s importante que la mayor\u00eda de la gente hace en la vida.  Nuestros agentes son nuestra fuerza, y se esmeran por ser ingeniosos, receptivos y atentos con cada cliente. Ellos tienen a su disposicion tecnolog\u00eda moderna y entrenamiento. Nuestro equipo est\u00e1 continuamente actualizado sobre las \u00faltimas innovaciones en estrategias de mercadeo de inmobiliario<\/p>\n<p><!-- \/.sc_title --><\/p>\n<style type=\"text\/css\">.trx_addons_inline_1054979256{color:#23CCD4 !important}<\/style>\n<p>\t\t\t<a href=\"#team\" id=\"trx_sc_button_1472489401\">Nuestro Equipo<!-- \/.sc_button_text --><\/a><!-- \/.sc_button --><br \/>\nventajas<\/p>\n<h2>\u00bfPor Qu\u00e9 Elegirnos?<\/h2>\n<p><!-- \/.sc_title --><\/p>\n<style type=\"text\/css\">.trx_addons_inline_222917825{color:#23CCD4 !important}<\/style>\n<h4>Experiencia<\/h4>\n<p>Cada agente en nuestro equipo tiene d\u00e9cadas de experiencia en bienes ra\u00edces concentrada en el sur de la Florida.  Nosotros hemos visto cambios en nuestras comunidades, a veces para bien, a veces para mal, d\u00e1ndonos una gran perspectiva para asesorar y encontrar lo que usted necesita<\/p>\n<h4>Vivimos Localmente<\/h4>\n<p>Vivimos en el \u00e1rea en la que trabajamos, lo que nos hace no solo estar muy bien informados de todas las muchas comunidades de nuestra area, sino que tambi\u00e9n estamos orgullosos de ser parte de nuestra hermosa tierra aqui en el sur de la Florida.<\/p>\n<h4>Reputaci\u00f3n<\/h4>\n<p>Hemos trabajado con muchos profesionales en nuestra industria. Nuestros colegas, incluyendo agentes de t\u00edtulos, corredores hipotecarios, brokers y demas, saben que esperamos una alta calidad \u00e9 integridad en sus trabajo asi como nosotros ponemos en el nuestro.<\/p>\n<h4>Entrenamiento<\/h4>\n<p>At Brokers Alliance Realty, Inc, we dare not happy with the minimum continuing education mandated by the state of Florida. We are always training in highly specialized courses, to keep up with industry&#8217;s trends and current technology, which makes for better marketing<\/p>\n<h4>Servicio Personal<\/h4>\n<p>Dedicaremos todo el tiempo que sea necesario para averiguar cu\u00e1les son sus necesidades y las caracteristicas deseadas. Nosotros, buscaremos la propiedad que este dentro de su capacidad economica y llene todas sus requisitos. No hay dos transacciones iguales. Todas las situaciones incluyen una red de variables complejas. Nuestra virtud es poder ofrecer un servicio \u00fanico, personalizado solo para usted.<\/p>\n<h4>Negociadores Experimentados<\/h4>\n<p>Todos los agentes de bienes ra\u00edces en el equipo de Brokers Alliance tienen una experiencia s\u00f3lida en la rama de negocios. Nuestra competencia se demuestra cuando aprovechamos las oportunidades en el momento de negociar el contrato, asi poder beneficiar nuestro cliente, ya sea un comprador o un vendedor<!-- \/.sc_icons --><br \/>\nLos Mejores Profesionales<\/p>\n<h2>Nuestro Equipo<\/h2>\n<p><img decoding=\"async\" width=\"400\" height=\"500\" src=\"http:\/\/main.brokersalliancerealty.com\/wp-content\/uploads\/2018\/07\/festremera.jpg\" alt=\"\" loading=\"lazy\" srcset=\"http:\/\/main.brokersalliancerealty.com\/wp-content\/uploads\/2018\/07\/festremera.jpg 400w, http:\/\/main.brokersalliancerealty.com\/wp-content\/uploads\/2018\/07\/festremera-240x300.jpg 240w, http:\/\/main.brokersalliancerealty.com\/wp-content\/uploads\/2018\/07\/festremera-10x12.jpg 10w, http:\/\/main.brokersalliancerealty.com\/wp-content\/uploads\/2018\/07\/festremera-370x463.jpg 370w\" sizes=\"auto, (max-width: 400px) 100vw, 400px\"><br \/>\n<a href=\"http:\/\/main.brokersalliancerealty.com\/es\/team\/francisco-estremera\/\" aria-hidden=\"true\"><\/a><\/p>\n<h6><a href=\"http:\/\/main.brokersalliancerealty.com\/es\/team\/francisco-estremera\/\">Francisco Estremera<\/a><\/h6>\n<p>BROKER<br \/>\n<a target=\"_blank\" href=\"https:\/\/www.facebook.com\/brokersalliancerealty\" rel=\"noopener\"><\/a><a href=\"http:\/\/main.brokersalliancerealty.com\/es\/team\/francisco-estremera\/\">Continuar<\/a><br \/>\n<img decoding=\"async\" width=\"400\" height=\"500\" src=\"http:\/\/main.brokersalliancerealty.com\/wp-content\/uploads\/2018\/07\/oestremeraprofile.jpg\" alt=\"\" loading=\"lazy\" srcset=\"http:\/\/main.brokersalliancerealty.com\/wp-content\/uploads\/2018\/07\/oestremeraprofile.jpg 400w, http:\/\/main.brokersalliancerealty.com\/wp-content\/uploads\/2018\/07\/oestremeraprofile-240x300.jpg 240w, http:\/\/main.brokersalliancerealty.com\/wp-content\/uploads\/2018\/07\/oestremeraprofile-10x12.jpg 10w, http:\/\/main.brokersalliancerealty.com\/wp-content\/uploads\/2018\/07\/oestremeraprofile-370x463.jpg 370w\" sizes=\"auto, (max-width: 400px) 100vw, 400px\"><br \/>\n<a href=\"http:\/\/main.brokersalliancerealty.com\/es\/team\/omaira_estremera\/\" aria-hidden=\"true\"><\/a><\/p>\n<h6><a href=\"http:\/\/main.brokersalliancerealty.com\/es\/team\/omaira_estremera\/\">Omaira Estremera<\/a><\/h6>\n<p>BROKER<br \/>\n<a target=\"_blank\" href=\"https:\/\/www.facebook.com\/brokersalliancerealty\" rel=\"noopener\"><\/a><a href=\"http:\/\/main.brokersalliancerealty.com\/es\/team\/omaira_estremera\/\">Continuar<\/a><br \/>\n<img decoding=\"async\" width=\"400\" height=\"500\" src=\"http:\/\/main.brokersalliancerealty.com\/wp-content\/uploads\/2018\/07\/lcipriani.jpg\" alt=\"\" loading=\"lazy\" srcset=\"http:\/\/main.brokersalliancerealty.com\/wp-content\/uploads\/2018\/07\/lcipriani.jpg 400w, http:\/\/main.brokersalliancerealty.com\/wp-content\/uploads\/2018\/07\/lcipriani-240x300.jpg 240w, http:\/\/main.brokersalliancerealty.com\/wp-content\/uploads\/2018\/07\/lcipriani-370x463.jpg 370w\" sizes=\"auto, (max-width: 400px) 100vw, 400px\"><br \/>\n<a href=\"http:\/\/main.brokersalliancerealty.com\/es\/team\/leonardo_cipriani\/\" aria-hidden=\"true\"><\/a><\/p>\n<h6><a href=\"http:\/\/main.brokersalliancerealty.com\/es\/team\/leonardo_cipriani\/\">Leonardo Cipriani<\/a><\/h6>\n<p>REALTOR\u00ae<br \/>\n<a target=\"_blank\" href=\"https:\/\/www.facebook.com\/brokersalliancerealty\" rel=\"noopener\"><\/a><a href=\"http:\/\/main.brokersalliancerealty.com\/es\/team\/leonardo_cipriani\/\">Continuar<\/a><br \/>\n<img decoding=\"async\" width=\"400\" height=\"500\" src=\"http:\/\/main.brokersalliancerealty.com\/wp-content\/uploads\/2018\/07\/sigridcastellar-1.jpg\" alt=\"\" loading=\"lazy\" srcset=\"http:\/\/main.brokersalliancerealty.com\/wp-content\/uploads\/2018\/07\/sigridcastellar-1.jpg 400w, http:\/\/main.brokersalliancerealty.com\/wp-content\/uploads\/2018\/07\/sigridcastellar-1-240x300.jpg 240w, http:\/\/main.brokersalliancerealty.com\/wp-content\/uploads\/2018\/07\/sigridcastellar-1-10x12.jpg 10w, http:\/\/main.brokersalliancerealty.com\/wp-content\/uploads\/2018\/07\/sigridcastellar-1-370x463.jpg 370w\" sizes=\"auto, (max-width: 400px) 100vw, 400px\"><br \/>\n<a href=\"http:\/\/main.brokersalliancerealty.com\/es\/team\/sigrid-castellar\/\" aria-hidden=\"true\"><\/a><\/p>\n<h6><a href=\"http:\/\/main.brokersalliancerealty.com\/es\/team\/sigrid-castellar\/\">Sigrid Castellar<\/a><\/h6>\n<p>REALTOR\u00ae<br \/>\n<a target=\"_blank\" href=\"https:\/\/www.facebook.com\/brokersalliancerealty\" rel=\"noopener\"><\/a><a target=\"_blank\" href=\"https:\/\/www.instagram.com\/brokersallianceinc\/\" rel=\"noopener\"><\/a><a target=\"_blank\" href=\"https:\/\/www.linkedin.com\/company\/74736106\/\" rel=\"noopener\"><\/a><a href=\"http:\/\/main.brokersalliancerealty.com\/es\/team\/sigrid-castellar\/\">Continuar<\/a><br \/>\n<img decoding=\"async\" width=\"400\" height=\"500\" src=\"http:\/\/main.brokersalliancerealty.com\/wp-content\/uploads\/2021\/08\/OVasquez.jpg\" alt=\"\" loading=\"lazy\" srcset=\"http:\/\/main.brokersalliancerealty.com\/wp-content\/uploads\/2021\/08\/OVasquez.jpg 400w, http:\/\/main.brokersalliancerealty.com\/wp-content\/uploads\/2021\/08\/OVasquez-240x300.jpg 240w, http:\/\/main.brokersalliancerealty.com\/wp-content\/uploads\/2021\/08\/OVasquez-370x463.jpg 370w\" sizes=\"auto, (max-width: 400px) 100vw, 400px\"><br \/>\n<a href=\"http:\/\/main.brokersalliancerealty.com\/es\/team\/2oscar-vazquez\/\" aria-hidden=\"true\"><\/a><\/p>\n<h6><a href=\"http:\/\/main.brokersalliancerealty.com\/es\/team\/2oscar-vazquez\/\">Oscar Vazquez<\/a><\/h6>\n<p>REALTOR\u00ae<br \/>\n<a target=\"_blank\" href=\"https:\/\/www.facebook.com\/brokersalliancerealty\" rel=\"noopener\"><\/a><a href=\"http:\/\/main.brokersalliancerealty.com\/es\/team\/2oscar-vazquez\/\">Continuar<\/a><br \/>\n<!-- \/.sc_team --><\/p>\n<style type=\"text\/css\">.trx_addons_inline_712807208{color:#23CCD4 !important}<\/style>\n<p>\t\t\tTienes Una Pregunta?<\/p>\n<h2>Queremos Oir De Ti<\/h2>\n<p><!-- \/.sc_title --><\/p>\n\n<div class=\"wpcf7 no-js\" id=\"wpcf7-f222-o1\" lang=\"en-US\" dir=\"ltr\" data-wpcf7-id=\"222\">\n<div class=\"screen-reader-response\"><p role=\"status\" aria-live=\"polite\" aria-atomic=\"true\"><\/p> <ul><\/ul><\/div>\n<form action=\"\/es\/wp-json\/wp\/v2\/pages\/3516#wpcf7-f222-o1\" method=\"post\" class=\"wpcf7-form init\" aria-label=\"Contact form\" novalidate=\"novalidate\" data-status=\"init\" data-trp-original-action=\"\/es\/wp-json\/wp\/v2\/pages\/3516#wpcf7-f222-o1\">\n<div style=\"display: none;\">\n<input type=\"hidden\" name=\"_wpcf7\" value=\"222\" \/>\n<input type=\"hidden\" name=\"_wpcf7_version\" value=\"6.0.6\" \/>\n<input type=\"hidden\" name=\"_wpcf7_locale\" value=\"en_US\" \/>\n<input type=\"hidden\" name=\"_wpcf7_unit_tag\" value=\"wpcf7-f222-o1\" \/>\n<input type=\"hidden\" name=\"_wpcf7_container_post\" value=\"0\" \/>\n<input type=\"hidden\" name=\"_wpcf7_posted_data_hash\" value=\"\" \/>\n<input type=\"hidden\" name=\"_wpcf7dtx_version\" value=\"5.0.2\" \/>\n<\/div>\n<div class=\"sc_form sc_form_default form_white\">\n\t<div class=\"sc_form_details trx_addons_columns_wrap\">\n\t\t<div class=\"trx_addons_column-1_2\">\n\t\t\t<p><span class=\"wpcf7-form-control-wrap\" data-name=\"enter-your-name\"><input size=\"40\" maxlength=\"400\" class=\"wpcf7-form-control wpcf7-text wpcf7-validates-as-required\" aria-required=\"true\" aria-invalid=\"false\" placeholder=\"Nombre:\" value=\"\" type=\"text\" name=\"enter-your-name\" \/><\/span>\n\t\t\t<\/p>\n\t\t<\/div>\n\t\t<div class=\"trx_addons_column-1_2\">\n\t\t\t<p><span class=\"wpcf7-form-control-wrap\" data-name=\"enter-your-email\"><input size=\"40\" maxlength=\"400\" class=\"wpcf7-form-control wpcf7-email wpcf7-validates-as-required wpcf7-text wpcf7-validates-as-email\" aria-required=\"true\" aria-invalid=\"false\" placeholder=\"e-Mail:\" value=\"\" type=\"email\" name=\"enter-your-email\" \/><\/span>\n\t\t\t<\/p>\n\t\t<\/div>\n\t\t<div class=\"trx_addons_column-1_1\">\n\t\t\t<p><span class=\"wpcf7-form-control-wrap\" data-name=\"enter-your-message\"><textarea cols=\"40\" rows=\"10\" maxlength=\"2000\" class=\"wpcf7-form-control wpcf7-textarea\" aria-invalid=\"false\" placeholder=\"Tu Mensaje:\" name=\"enter-your-message\"><\/textarea><\/span>\n\t\t\t<\/p>\n\t\t<\/div>\n\t<\/div>\n\t<div class=\"sc_form_field sc_form_field_checkbox\">\n\t\t<p><span class=\"wpcf7-form-control-wrap\" data-name=\"acceptance-993\"><span class=\"wpcf7-form-control wpcf7-acceptance\"><span class=\"wpcf7-list-item\"><label><input type=\"checkbox\" name=\"acceptance-993\" value=\"1\" aria-invalid=\"false\" \/><span class=\"wpcf7-list-item-label\">Al utilizar este formulario, usted acepta el almacenamiento y manejo de sus datos por parte de BrokersAllianceRealty.com<\/span><\/label><\/span><\/span><\/span>\n\t\t<\/p>\n\t<\/div>\n\t<div class=\"sc_form_field sc_form_field_button sc_form_field_submit\">\n\t\t<p><input class=\"wpcf7-form-control wpcf7-submit has-spinner\" type=\"submit\" value=\"Enviar Mensaje\" \/>\n\t\t<\/p>\n\t<\/div>\n<\/div><div class=\"wpcf7-response-output\" aria-hidden=\"true\"><\/div>\n<input type=\"hidden\" name=\"trp-form-language\" value=\"es\"\/><\/form>\n<\/div>","protected":false},"excerpt":{"rendered":"<p>http:\/\/main.brokersalliancerealty.com\/wp-content\/uploads\/2021\/07\/FortLauderdale.mp4 Who We Are Our Mission Our mission is to provide unparalleled service so that our customer, both buyers and sellers, are thrilled with the outcome and stress free with the entire process. Buying or selling a home is the most important financial transaction most people ever make. Our agents are our strength, and they strive to be resourceful, responsive, and attentive to every client. Supporting them with state-of-the-art technology and training, Our team is continuously updated on the latest innovations in real-estate marketing strategies. meet our team advantages Why Choose Us Experience Every agent in our team has decades of experience in South Florida real estate. We have seen changes in communities, sometimes for good, sometimes for bad, giving us a great perspective to advise and find what you need We Are Local We live in the area that we work, which makes us not only knowledgable about all&hellip;<\/p>","protected":false},"author":1,"featured_media":0,"parent":0,"menu_order":0,"comment_status":"closed","ping_status":"closed","template":"","meta":{"footnotes":""},"class_list":["post-3516","page","type-page","status-publish","hentry"],"yoast_head":"<!-- This site is optimized with the Yoast SEO plugin v27.2 - https:\/\/yoast.com\/product\/yoast-seo-wordpress\/ -->\n<title>Who We Are - Brokers Alliance Realty<\/title>\n<meta name=\"description\" content=\"Our mission is to provide unparalleled service so that our customer, both buyers and sellers, are thrilled with a stress free transaction\" \/>\n<meta name=\"robots\" content=\"index, follow, max-snippet:-1, max-image-preview:large, max-video-preview:-1\" \/>\n<link rel=\"canonical\" href=\"https:\/\/main.brokersalliancerealty.com\/es\/about-us\/\" \/>\n<meta property=\"og:locale\" content=\"es_ES\" \/>\n<meta property=\"og:type\" content=\"article\" \/>\n<meta property=\"og:title\" content=\"Who We Are - Brokers Alliance Realty\" \/>\n<meta property=\"og:description\" content=\"Our mission is to provide unparalleled service so that our customer, both buyers and sellers, are thrilled with a stress free transaction\" \/>\n<meta property=\"og:url\" content=\"https:\/\/main.brokersalliancerealty.com\/es\/about-us\/\" \/>\n<meta property=\"og:site_name\" content=\"Brokers Alliance Realty\" \/>\n<meta property=\"article:modified_time\" content=\"2021-09-22T16:45:22+00:00\" \/>\n<meta property=\"og:image\" content=\"http:\/\/main.brokersalliancerealty.com\/wp-content\/uploads\/2021\/07\/Aboutus.jpg\" \/>\n<meta name=\"twitter:card\" content=\"summary_large_image\" \/>\n<meta name=\"twitter:label1\" content=\"Tiempo de lectura\" \/>\n\t<meta name=\"twitter:data1\" content=\"3 minutos\" \/>\n<script type=\"application\/ld+json\" class=\"yoast-schema-graph\">{\"@context\":\"https:\/\/schema.org\",\"@graph\":[{\"@type\":\"WebPage\",\"@id\":\"https:\/\/main.brokersalliancerealty.com\/about-us\/\",\"url\":\"https:\/\/main.brokersalliancerealty.com\/about-us\/\",\"name\":\"Who We Are - Brokers Alliance Realty\",\"isPartOf\":{\"@id\":\"https:\/\/main.brokersalliancerealty.com\/#website\"},\"primaryImageOfPage\":{\"@id\":\"https:\/\/main.brokersalliancerealty.com\/about-us\/#primaryimage\"},\"image\":{\"@id\":\"https:\/\/main.brokersalliancerealty.com\/about-us\/#primaryimage\"},\"thumbnailUrl\":\"http:\/\/main.brokersalliancerealty.com\/wp-content\/uploads\/2021\/07\/Aboutus.jpg\",\"datePublished\":\"2021-09-13T17:28:04+00:00\",\"dateModified\":\"2021-09-22T16:45:22+00:00\",\"description\":\"Our mission is to provide unparalleled service so that our customer, both buyers and sellers, are thrilled with a stress free transaction\",\"breadcrumb\":{\"@id\":\"https:\/\/main.brokersalliancerealty.com\/about-us\/#breadcrumb\"},\"inLanguage\":\"es\",\"potentialAction\":[{\"@type\":\"ReadAction\",\"target\":[\"https:\/\/main.brokersalliancerealty.com\/about-us\/\"]}]},{\"@type\":\"ImageObject\",\"inLanguage\":\"es\",\"@id\":\"https:\/\/main.brokersalliancerealty.com\/about-us\/#primaryimage\",\"url\":\"http:\/\/main.brokersalliancerealty.com\/wp-content\/uploads\/2021\/07\/Aboutus.jpg\",\"contentUrl\":\"http:\/\/main.brokersalliancerealty.com\/wp-content\/uploads\/2021\/07\/Aboutus.jpg\"},{\"@type\":\"BreadcrumbList\",\"@id\":\"https:\/\/main.brokersalliancerealty.com\/about-us\/#breadcrumb\",\"itemListElement\":[{\"@type\":\"ListItem\",\"position\":1,\"name\":\"Home\",\"item\":\"https:\/\/main.brokersalliancerealty.com\/\"},{\"@type\":\"ListItem\",\"position\":2,\"name\":\"Who We Are\"}]},{\"@type\":\"WebSite\",\"@id\":\"https:\/\/main.brokersalliancerealty.com\/#website\",\"url\":\"https:\/\/main.brokersalliancerealty.com\/\",\"name\":\"Brokers Alliance Realty\",\"description\":\"Partnering For Your Success\",\"publisher\":{\"@id\":\"https:\/\/main.brokersalliancerealty.com\/#organization\"},\"potentialAction\":[{\"@type\":\"SearchAction\",\"target\":{\"@type\":\"EntryPoint\",\"urlTemplate\":\"https:\/\/main.brokersalliancerealty.com\/?s={search_term_string}\"},\"query-input\":{\"@type\":\"PropertyValueSpecification\",\"valueRequired\":true,\"valueName\":\"search_term_string\"}}],\"inLanguage\":\"es\"},{\"@type\":\"Organization\",\"@id\":\"https:\/\/main.brokersalliancerealty.com\/#organization\",\"name\":\"Brokers Alliance Realty\",\"url\":\"https:\/\/main.brokersalliancerealty.com\/\",\"logo\":{\"@type\":\"ImageObject\",\"inLanguage\":\"es\",\"@id\":\"https:\/\/main.brokersalliancerealty.com\/#\/schema\/logo\/image\/\",\"url\":\"https:\/\/main.brokersalliancerealty.com\/wp-content\/uploads\/2019\/04\/cropped-logo.png\",\"contentUrl\":\"https:\/\/main.brokersalliancerealty.com\/wp-content\/uploads\/2019\/04\/cropped-logo.png\",\"width\":313,\"height\":216,\"caption\":\"Brokers Alliance Realty\"},\"image\":{\"@id\":\"https:\/\/main.brokersalliancerealty.com\/#\/schema\/logo\/image\/\"}}]}<\/script>\n<!-- \/ Yoast SEO plugin. -->","yoast_head_json":{"title":"Who We Are - Brokers Alliance Realty","description":"Our mission is to provide unparalleled service so that our customer, both buyers and sellers, are thrilled with a stress free transaction","robots":{"index":"index","follow":"follow","max-snippet":"max-snippet:-1","max-image-preview":"max-image-preview:large","max-video-preview":"max-video-preview:-1"},"canonical":"https:\/\/main.brokersalliancerealty.com\/es\/about-us\/","og_locale":"es_ES","og_type":"article","og_title":"Who We Are - Brokers Alliance Realty","og_description":"Our mission is to provide unparalleled service so that our customer, both buyers and sellers, are thrilled with a stress free transaction","og_url":"https:\/\/main.brokersalliancerealty.com\/es\/about-us\/","og_site_name":"Brokers Alliance Realty","article_modified_time":"2021-09-22T16:45:22+00:00","og_image":[{"url":"http:\/\/main.brokersalliancerealty.com\/wp-content\/uploads\/2021\/07\/Aboutus.jpg","type":"","width":"","height":""}],"twitter_card":"summary_large_image","twitter_misc":{"Tiempo de lectura":"3 minutos"},"schema":{"@context":"https:\/\/schema.org","@graph":[{"@type":"WebPage","@id":"https:\/\/main.brokersalliancerealty.com\/about-us\/","url":"https:\/\/main.brokersalliancerealty.com\/about-us\/","name":"Who We Are - Brokers Alliance Realty","isPartOf":{"@id":"https:\/\/main.brokersalliancerealty.com\/#website"},"primaryImageOfPage":{"@id":"https:\/\/main.brokersalliancerealty.com\/about-us\/#primaryimage"},"image":{"@id":"https:\/\/main.brokersalliancerealty.com\/about-us\/#primaryimage"},"thumbnailUrl":"http:\/\/main.brokersalliancerealty.com\/wp-content\/uploads\/2021\/07\/Aboutus.jpg","datePublished":"2021-09-13T17:28:04+00:00","dateModified":"2021-09-22T16:45:22+00:00","description":"Our mission is to provide unparalleled service so that our customer, both buyers and sellers, are thrilled with a stress free transaction","breadcrumb":{"@id":"https:\/\/main.brokersalliancerealty.com\/about-us\/#breadcrumb"},"inLanguage":"es","potentialAction":[{"@type":"ReadAction","target":["https:\/\/main.brokersalliancerealty.com\/about-us\/"]}]},{"@type":"ImageObject","inLanguage":"es","@id":"https:\/\/main.brokersalliancerealty.com\/about-us\/#primaryimage","url":"http:\/\/main.brokersalliancerealty.com\/wp-content\/uploads\/2021\/07\/Aboutus.jpg","contentUrl":"http:\/\/main.brokersalliancerealty.com\/wp-content\/uploads\/2021\/07\/Aboutus.jpg"},{"@type":"BreadcrumbList","@id":"https:\/\/main.brokersalliancerealty.com\/about-us\/#breadcrumb","itemListElement":[{"@type":"ListItem","position":1,"name":"Home","item":"https:\/\/main.brokersalliancerealty.com\/"},{"@type":"ListItem","position":2,"name":"Who We Are"}]},{"@type":"WebSite","@id":"https:\/\/main.brokersalliancerealty.com\/#website","url":"https:\/\/main.brokersalliancerealty.com\/","name":"Brokers Alliance Realty","description":"Partnering For Your Success","publisher":{"@id":"https:\/\/main.brokersalliancerealty.com\/#organization"},"potentialAction":[{"@type":"SearchAction","target":{"@type":"EntryPoint","urlTemplate":"https:\/\/main.brokersalliancerealty.com\/?s={search_term_string}"},"query-input":{"@type":"PropertyValueSpecification","valueRequired":true,"valueName":"search_term_string"}}],"inLanguage":"es"},{"@type":"Organization","@id":"https:\/\/main.brokersalliancerealty.com\/#organization","name":"Brokers Alliance Realty","url":"https:\/\/main.brokersalliancerealty.com\/","logo":{"@type":"ImageObject","inLanguage":"es","@id":"https:\/\/main.brokersalliancerealty.com\/#\/schema\/logo\/image\/","url":"https:\/\/main.brokersalliancerealty.com\/wp-content\/uploads\/2019\/04\/cropped-logo.png","contentUrl":"https:\/\/main.brokersalliancerealty.com\/wp-content\/uploads\/2019\/04\/cropped-logo.png","width":313,"height":216,"caption":"Brokers Alliance Realty"},"image":{"@id":"https:\/\/main.brokersalliancerealty.com\/#\/schema\/logo\/image\/"}}]}},"_links":{"self":[{"href":"https:\/\/main.brokersalliancerealty.com\/es\/wp-json\/wp\/v2\/pages\/3516","targetHints":{"allow":["GET"]}}],"collection":[{"href":"https:\/\/main.brokersalliancerealty.com\/es\/wp-json\/wp\/v2\/pages"}],"about":[{"href":"https:\/\/main.brokersalliancerealty.com\/es\/wp-json\/wp\/v2\/types\/page"}],"author":[{"embeddable":true,"href":"https:\/\/main.brokersalliancerealty.com\/es\/wp-json\/wp\/v2\/users\/1"}],"replies":[{"embeddable":true,"href":"https:\/\/main.brokersalliancerealty.com\/es\/wp-json\/wp\/v2\/comments?post=3516"}],"version-history":[{"count":11,"href":"https:\/\/main.brokersalliancerealty.com\/es\/wp-json\/wp\/v2\/pages\/3516\/revisions"}],"predecessor-version":[{"id":3868,"href":"https:\/\/main.brokersalliancerealty.com\/es\/wp-json\/wp\/v2\/pages\/3516\/revisions\/3868"}],"wp:attachment":[{"href":"https:\/\/main.brokersalliancerealty.com\/es\/wp-json\/wp\/v2\/media?parent=3516"}],"curies":[{"name":"wp","href":"https:\/\/api.w.org\/{rel}","templated":true}]}}