{"id":2135,"date":"2021-07-08T16:30:24","date_gmt":"2021-07-08T16:30:24","guid":{"rendered":"http:\/\/main.brokersalliancerealty.com\/?page_id=2135"},"modified":"2021-09-22T16:17:36","modified_gmt":"2021-09-22T16:17:36","slug":"amenities-2","status":"publish","type":"page","link":"https:\/\/main.brokersalliancerealty.com\/es\/amenities-2\/","title":{"rendered":"Inversiones Residenciales"},"content":{"rendered":"<p>Muchas recompensas<\/p>\n<h2>Considera Cuales Son Tus Objetivos:<\/h2>\n<p><!-- \/.sc_title --><br \/>\n\t\t\t<img decoding=\"async\" src=\"\/\/main.brokersalliancerealty.com\/wp-content\/uploads\/2021\/07\/dollarsmall.png\" alt=\"Icon\"><\/p>\n<h4>Flujo Mensual De Ingresos<\/h4>\n<p><img decoding=\"async\" src=\"\/\/main.brokersalliancerealty.com\/wp-content\/uploads\/2021\/07\/dollarsmall.png\" alt=\"Icon\"><\/p>\n<h4>Reventa para ganancias r\u00e1pidas<\/h4>\n<p><img decoding=\"async\" src=\"\/\/main.brokersalliancerealty.com\/wp-content\/uploads\/2021\/07\/dollarsmall.png\" alt=\"Icon\"><\/p>\n<h4>Apreciaci\u00f3n a largo plazo<\/h4>\n<p><img decoding=\"async\" src=\"\/\/main.brokersalliancerealty.com\/wp-content\/uploads\/2021\/07\/dollarsmall.png\" alt=\"Icon\"><\/p>\n<h4>Refugio Fiscal<\/h4>\n<p><img decoding=\"async\" src=\"\/\/main.brokersalliancerealty.com\/wp-content\/uploads\/2021\/07\/dollarsmall.png\" alt=\"Icon\"><\/p>\n<h4>Orgullo de Propietario<\/h4>\n<p><!-- \/.sc_icons --><br \/>\n\t\t\t\t\t\t\t\t\t\t\t\t<img decoding=\"async\" width=\"581\" height=\"664\" src=\"http:\/\/brokersalliancerealty.com\/wp-content\/uploads\/2021\/07\/rentpic.jpg\" alt=\"\" loading=\"lazy\" srcset=\"https:\/\/guardamg.com\/wp-content\/uploads\/2021\/07\/rentpic.jpg 581w, https:\/\/guardamg.com\/wp-content\/uploads\/2021\/07\/rentpic-263x300.jpg 263w, https:\/\/guardamg.com\/wp-content\/uploads\/2021\/07\/rentpic-11x12.jpg 11w, https:\/\/guardamg.com\/wp-content\/uploads\/2021\/07\/rentpic-370x423.jpg 370w\" sizes=\"auto, (max-width: 581px) 100vw, 581px\" \/>\t\t\t\t\t\t\t\t\t\t\t\t\t\t<\/p>\n<aside id=\"trx_widget_video_1036645388_widget\"><!--[if lt IE 9]><![endif]--><br \/>\n<video id=\"video-2135-1\" width=\"640\" height=\"360\" preload=\"metadata\" controls=\"controls\"><source type=\"video\/mp4\" src=\"http:\/\/main.brokersalliancerealty.com\/wp-content\/uploads\/2021\/07\/ForRent.mp4?_=1\" \/><a href=\"http:\/\/main.brokersalliancerealty.com\/wp-content\/uploads\/2021\/07\/ForRent.mp4\">http:\/\/main.brokersalliancerealty.com\/wp-content\/uploads\/2021\/07\/ForRent.mp4<\/a><\/video><\/aside>\n<p>\t\t\tPodemos Ayudar<\/p>\n<h2>Encontraremos Exactamente Lo Que Estas Buscando<\/h2>\n<p>Cuando los inversionistas deciden adquirir propiedades para alquilar, primero deben decidir lo que quieren lograr y durante qu\u00e9 per\u00edodo de tiempo. Nosotros, como profesionales de bienes ra\u00edces le ayudaremosn a delinear sus metas para que coincidan con su capacidad financiera y para maximizar su experiencia de invertir en el sur de la Florida.<\/p>\n<p><!-- \/.sc_title --><\/p>\n<style type=\"text\/css\">.trx_addons_inline_1610707631{color:#23CCD4 !important}<\/style>\n<p>\t\t\t<a href=\"http:\/\/brokersalliancerealty.com\/contact-us\" id=\"trx_sc_button_223569167\">Cont\u00e1ctenos<!-- \/.sc_button_text --><\/a><!-- \/.sc_button --><br \/>\n\t\t\tTienes Una Pregunta?<\/p>\n<h2>Queremos Oir De Ti<\/h2>\n<p><!-- \/.sc_title -->\t\t<\/p>\n\n<div class=\"wpcf7 no-js\" id=\"wpcf7-f222-o1\" lang=\"en-US\" dir=\"ltr\" data-wpcf7-id=\"222\">\n<div class=\"screen-reader-response\"><p role=\"status\" aria-live=\"polite\" aria-atomic=\"true\"><\/p> <ul><\/ul><\/div>\n<form action=\"\/es\/wp-json\/wp\/v2\/pages\/2135#wpcf7-f222-o1\" method=\"post\" class=\"wpcf7-form init\" aria-label=\"Contact form\" novalidate=\"novalidate\" data-status=\"init\" data-trp-original-action=\"\/es\/wp-json\/wp\/v2\/pages\/2135#wpcf7-f222-o1\">\n<div style=\"display: none;\">\n<input type=\"hidden\" name=\"_wpcf7\" value=\"222\" \/>\n<input type=\"hidden\" name=\"_wpcf7_version\" value=\"6.0.6\" \/>\n<input type=\"hidden\" name=\"_wpcf7_locale\" value=\"en_US\" \/>\n<input type=\"hidden\" name=\"_wpcf7_unit_tag\" value=\"wpcf7-f222-o1\" \/>\n<input type=\"hidden\" name=\"_wpcf7_container_post\" value=\"0\" \/>\n<input type=\"hidden\" name=\"_wpcf7_posted_data_hash\" value=\"\" \/>\n<input type=\"hidden\" name=\"_wpcf7dtx_version\" value=\"5.0.2\" \/>\n<\/div>\n<div class=\"sc_form sc_form_default form_white\">\n\t<div class=\"sc_form_details trx_addons_columns_wrap\">\n\t\t<div class=\"trx_addons_column-1_2\">\n\t\t\t<p><span class=\"wpcf7-form-control-wrap\" data-name=\"enter-your-name\"><input size=\"40\" maxlength=\"400\" class=\"wpcf7-form-control wpcf7-text wpcf7-validates-as-required\" aria-required=\"true\" aria-invalid=\"false\" placeholder=\"Nombre:\" value=\"\" type=\"text\" name=\"enter-your-name\" \/><\/span>\n\t\t\t<\/p>\n\t\t<\/div>\n\t\t<div class=\"trx_addons_column-1_2\">\n\t\t\t<p><span class=\"wpcf7-form-control-wrap\" data-name=\"enter-your-email\"><input size=\"40\" maxlength=\"400\" class=\"wpcf7-form-control wpcf7-email wpcf7-validates-as-required wpcf7-text wpcf7-validates-as-email\" aria-required=\"true\" aria-invalid=\"false\" placeholder=\"e-Mail:\" value=\"\" type=\"email\" name=\"enter-your-email\" \/><\/span>\n\t\t\t<\/p>\n\t\t<\/div>\n\t\t<div class=\"trx_addons_column-1_1\">\n\t\t\t<p><span class=\"wpcf7-form-control-wrap\" data-name=\"enter-your-message\"><textarea cols=\"40\" rows=\"10\" maxlength=\"2000\" class=\"wpcf7-form-control wpcf7-textarea\" aria-invalid=\"false\" placeholder=\"Tu Mensaje:\" name=\"enter-your-message\"><\/textarea><\/span>\n\t\t\t<\/p>\n\t\t<\/div>\n\t<\/div>\n\t<div class=\"sc_form_field sc_form_field_checkbox\">\n\t\t<p><span class=\"wpcf7-form-control-wrap\" data-name=\"acceptance-993\"><span class=\"wpcf7-form-control wpcf7-acceptance\"><span class=\"wpcf7-list-item\"><label><input type=\"checkbox\" name=\"acceptance-993\" value=\"1\" aria-invalid=\"false\" \/><span class=\"wpcf7-list-item-label\">Al utilizar este formulario, usted acepta el almacenamiento y manejo de sus datos por parte de BrokersAllianceRealty.com<\/span><\/label><\/span><\/span><\/span>\n\t\t<\/p>\n\t<\/div>\n\t<div class=\"sc_form_field sc_form_field_button sc_form_field_submit\">\n\t\t<p><input class=\"wpcf7-form-control wpcf7-submit has-spinner\" type=\"submit\" value=\"Enviar Mensaje\" \/>\n\t\t<\/p>\n\t<\/div>\n<\/div><div class=\"wpcf7-response-output\" aria-hidden=\"true\"><\/div>\n<input type=\"hidden\" name=\"trp-form-language\" value=\"es\"\/><\/form>\n<\/div>","protected":false},"excerpt":{"rendered":"<p>Many rewards Consider What Your Goals Are: Monthly Cash Flow Resale for quick profit Long term appreciation Tax shelter Pride of Ownership http:\/\/main.brokersalliancerealty.com\/wp-content\/uploads\/2021\/07\/ForRent.mp4 We can help We Will Find What You Want When investors decide to acquire rental properties, they must first decide what they want to accomplish, and over what period of time. A Broker\u2019s Alliance Real Estate professionals will help you outline your goals to match your financial capability and to maximize the experience of investing in South Florida. Contact Us have a question? Drop a Line<\/p>","protected":false},"author":1,"featured_media":0,"parent":0,"menu_order":0,"comment_status":"closed","ping_status":"closed","template":"","meta":{"footnotes":""},"class_list":["post-2135","page","type-page","status-publish","hentry"],"yoast_head":"<!-- This site is optimized with the Yoast SEO plugin v27.2 - https:\/\/yoast.com\/product\/yoast-seo-wordpress\/ -->\n<title>Residential Investments - Brokers Alliance Realty<\/title>\n<meta name=\"robots\" content=\"index, follow, max-snippet:-1, max-image-preview:large, max-video-preview:-1\" \/>\n<link rel=\"canonical\" href=\"https:\/\/main.brokersalliancerealty.com\/es\/amenities-2\/\" \/>\n<meta property=\"og:locale\" content=\"es_ES\" \/>\n<meta property=\"og:type\" content=\"article\" \/>\n<meta property=\"og:title\" content=\"Residential Investments - Brokers Alliance Realty\" \/>\n<meta property=\"og:description\" content=\"Many rewards Consider What Your Goals Are: Monthly Cash Flow Resale for quick profit Long term appreciation Tax shelter Pride of Ownership http:\/\/main.brokersalliancerealty.com\/wp-content\/uploads\/2021\/07\/ForRent.mp4 We can help We Will Find What You Want When investors decide to acquire rental properties, they must first decide what they want to accomplish, and over what period of time. A Broker\u2019s Alliance Real Estate professionals will help you outline your goals to match your financial capability and to maximize the experience of investing in South Florida. Contact Us have a question? Drop a Line\" \/>\n<meta property=\"og:url\" content=\"https:\/\/main.brokersalliancerealty.com\/es\/amenities-2\/\" \/>\n<meta property=\"og:site_name\" content=\"Brokers Alliance Realty\" \/>\n<meta property=\"article:modified_time\" content=\"2021-09-22T16:17:36+00:00\" \/>\n<meta property=\"og:image\" content=\"http:\/\/brokersalliancerealty.com\/wp-content\/uploads\/2021\/07\/rentpic.jpg\" \/>\n<meta name=\"twitter:card\" content=\"summary_large_image\" \/>\n<script type=\"application\/ld+json\" class=\"yoast-schema-graph\">{\"@context\":\"https:\/\/schema.org\",\"@graph\":[{\"@type\":\"WebPage\",\"@id\":\"https:\/\/main.brokersalliancerealty.com\/amenities-2\/\",\"url\":\"https:\/\/main.brokersalliancerealty.com\/amenities-2\/\",\"name\":\"Residential Investments - Brokers Alliance Realty\",\"isPartOf\":{\"@id\":\"https:\/\/main.brokersalliancerealty.com\/#website\"},\"primaryImageOfPage\":{\"@id\":\"https:\/\/main.brokersalliancerealty.com\/amenities-2\/#primaryimage\"},\"image\":{\"@id\":\"https:\/\/main.brokersalliancerealty.com\/amenities-2\/#primaryimage\"},\"thumbnailUrl\":\"http:\/\/brokersalliancerealty.com\/wp-content\/uploads\/2021\/07\/rentpic.jpg\",\"datePublished\":\"2021-07-08T16:30:24+00:00\",\"dateModified\":\"2021-09-22T16:17:36+00:00\",\"breadcrumb\":{\"@id\":\"https:\/\/main.brokersalliancerealty.com\/amenities-2\/#breadcrumb\"},\"inLanguage\":\"es\",\"potentialAction\":[{\"@type\":\"ReadAction\",\"target\":[\"https:\/\/main.brokersalliancerealty.com\/amenities-2\/\"]}]},{\"@type\":\"ImageObject\",\"inLanguage\":\"es\",\"@id\":\"https:\/\/main.brokersalliancerealty.com\/amenities-2\/#primaryimage\",\"url\":\"http:\/\/brokersalliancerealty.com\/wp-content\/uploads\/2021\/07\/rentpic.jpg\",\"contentUrl\":\"http:\/\/brokersalliancerealty.com\/wp-content\/uploads\/2021\/07\/rentpic.jpg\"},{\"@type\":\"BreadcrumbList\",\"@id\":\"https:\/\/main.brokersalliancerealty.com\/amenities-2\/#breadcrumb\",\"itemListElement\":[{\"@type\":\"ListItem\",\"position\":1,\"name\":\"Home\",\"item\":\"https:\/\/main.brokersalliancerealty.com\/\"},{\"@type\":\"ListItem\",\"position\":2,\"name\":\"Residential Investments\"}]},{\"@type\":\"WebSite\",\"@id\":\"https:\/\/main.brokersalliancerealty.com\/#website\",\"url\":\"https:\/\/main.brokersalliancerealty.com\/\",\"name\":\"Brokers Alliance Realty\",\"description\":\"Partnering For Your Success\",\"publisher\":{\"@id\":\"https:\/\/main.brokersalliancerealty.com\/#organization\"},\"potentialAction\":[{\"@type\":\"SearchAction\",\"target\":{\"@type\":\"EntryPoint\",\"urlTemplate\":\"https:\/\/main.brokersalliancerealty.com\/?s={search_term_string}\"},\"query-input\":{\"@type\":\"PropertyValueSpecification\",\"valueRequired\":true,\"valueName\":\"search_term_string\"}}],\"inLanguage\":\"es\"},{\"@type\":\"Organization\",\"@id\":\"https:\/\/main.brokersalliancerealty.com\/#organization\",\"name\":\"Brokers Alliance Realty\",\"url\":\"https:\/\/main.brokersalliancerealty.com\/\",\"logo\":{\"@type\":\"ImageObject\",\"inLanguage\":\"es\",\"@id\":\"https:\/\/main.brokersalliancerealty.com\/#\/schema\/logo\/image\/\",\"url\":\"https:\/\/main.brokersalliancerealty.com\/wp-content\/uploads\/2019\/04\/cropped-logo.png\",\"contentUrl\":\"https:\/\/main.brokersalliancerealty.com\/wp-content\/uploads\/2019\/04\/cropped-logo.png\",\"width\":313,\"height\":216,\"caption\":\"Brokers Alliance Realty\"},\"image\":{\"@id\":\"https:\/\/main.brokersalliancerealty.com\/#\/schema\/logo\/image\/\"}}]}<\/script>\n<!-- \/ Yoast SEO plugin. -->","yoast_head_json":{"title":"Residential Investments - Brokers Alliance Realty","robots":{"index":"index","follow":"follow","max-snippet":"max-snippet:-1","max-image-preview":"max-image-preview:large","max-video-preview":"max-video-preview:-1"},"canonical":"https:\/\/main.brokersalliancerealty.com\/es\/amenities-2\/","og_locale":"es_ES","og_type":"article","og_title":"Residential Investments - Brokers Alliance Realty","og_description":"Many rewards Consider What Your Goals Are: Monthly Cash Flow Resale for quick profit Long term appreciation Tax shelter Pride of Ownership http:\/\/main.brokersalliancerealty.com\/wp-content\/uploads\/2021\/07\/ForRent.mp4 We can help We Will Find What You Want When investors decide to acquire rental properties, they must first decide what they want to accomplish, and over what period of time. A Broker\u2019s Alliance Real Estate professionals will help you outline your goals to match your financial capability and to maximize the experience of investing in South Florida. Contact Us have a question? Drop a Line","og_url":"https:\/\/main.brokersalliancerealty.com\/es\/amenities-2\/","og_site_name":"Brokers Alliance Realty","article_modified_time":"2021-09-22T16:17:36+00:00","og_image":[{"url":"http:\/\/brokersalliancerealty.com\/wp-content\/uploads\/2021\/07\/rentpic.jpg","type":"","width":"","height":""}],"twitter_card":"summary_large_image","schema":{"@context":"https:\/\/schema.org","@graph":[{"@type":"WebPage","@id":"https:\/\/main.brokersalliancerealty.com\/amenities-2\/","url":"https:\/\/main.brokersalliancerealty.com\/amenities-2\/","name":"Residential Investments - Brokers Alliance Realty","isPartOf":{"@id":"https:\/\/main.brokersalliancerealty.com\/#website"},"primaryImageOfPage":{"@id":"https:\/\/main.brokersalliancerealty.com\/amenities-2\/#primaryimage"},"image":{"@id":"https:\/\/main.brokersalliancerealty.com\/amenities-2\/#primaryimage"},"thumbnailUrl":"http:\/\/brokersalliancerealty.com\/wp-content\/uploads\/2021\/07\/rentpic.jpg","datePublished":"2021-07-08T16:30:24+00:00","dateModified":"2021-09-22T16:17:36+00:00","breadcrumb":{"@id":"https:\/\/main.brokersalliancerealty.com\/amenities-2\/#breadcrumb"},"inLanguage":"es","potentialAction":[{"@type":"ReadAction","target":["https:\/\/main.brokersalliancerealty.com\/amenities-2\/"]}]},{"@type":"ImageObject","inLanguage":"es","@id":"https:\/\/main.brokersalliancerealty.com\/amenities-2\/#primaryimage","url":"http:\/\/brokersalliancerealty.com\/wp-content\/uploads\/2021\/07\/rentpic.jpg","contentUrl":"http:\/\/brokersalliancerealty.com\/wp-content\/uploads\/2021\/07\/rentpic.jpg"},{"@type":"BreadcrumbList","@id":"https:\/\/main.brokersalliancerealty.com\/amenities-2\/#breadcrumb","itemListElement":[{"@type":"ListItem","position":1,"name":"Home","item":"https:\/\/main.brokersalliancerealty.com\/"},{"@type":"ListItem","position":2,"name":"Residential Investments"}]},{"@type":"WebSite","@id":"https:\/\/main.brokersalliancerealty.com\/#website","url":"https:\/\/main.brokersalliancerealty.com\/","name":"Brokers Alliance Realty","description":"Partnering For Your Success","publisher":{"@id":"https:\/\/main.brokersalliancerealty.com\/#organization"},"potentialAction":[{"@type":"SearchAction","target":{"@type":"EntryPoint","urlTemplate":"https:\/\/main.brokersalliancerealty.com\/?s={search_term_string}"},"query-input":{"@type":"PropertyValueSpecification","valueRequired":true,"valueName":"search_term_string"}}],"inLanguage":"es"},{"@type":"Organization","@id":"https:\/\/main.brokersalliancerealty.com\/#organization","name":"Brokers Alliance Realty","url":"https:\/\/main.brokersalliancerealty.com\/","logo":{"@type":"ImageObject","inLanguage":"es","@id":"https:\/\/main.brokersalliancerealty.com\/#\/schema\/logo\/image\/","url":"https:\/\/main.brokersalliancerealty.com\/wp-content\/uploads\/2019\/04\/cropped-logo.png","contentUrl":"https:\/\/main.brokersalliancerealty.com\/wp-content\/uploads\/2019\/04\/cropped-logo.png","width":313,"height":216,"caption":"Brokers Alliance Realty"},"image":{"@id":"https:\/\/main.brokersalliancerealty.com\/#\/schema\/logo\/image\/"}}]}},"_links":{"self":[{"href":"https:\/\/main.brokersalliancerealty.com\/es\/wp-json\/wp\/v2\/pages\/2135","targetHints":{"allow":["GET"]}}],"collection":[{"href":"https:\/\/main.brokersalliancerealty.com\/es\/wp-json\/wp\/v2\/pages"}],"about":[{"href":"https:\/\/main.brokersalliancerealty.com\/es\/wp-json\/wp\/v2\/types\/page"}],"author":[{"embeddable":true,"href":"https:\/\/main.brokersalliancerealty.com\/es\/wp-json\/wp\/v2\/users\/1"}],"replies":[{"embeddable":true,"href":"https:\/\/main.brokersalliancerealty.com\/es\/wp-json\/wp\/v2\/comments?post=2135"}],"version-history":[{"count":41,"href":"https:\/\/main.brokersalliancerealty.com\/es\/wp-json\/wp\/v2\/pages\/2135\/revisions"}],"predecessor-version":[{"id":3861,"href":"https:\/\/main.brokersalliancerealty.com\/es\/wp-json\/wp\/v2\/pages\/2135\/revisions\/3861"}],"wp:attachment":[{"href":"https:\/\/main.brokersalliancerealty.com\/es\/wp-json\/wp\/v2\/media?parent=2135"}],"curies":[{"name":"wp","href":"https:\/\/api.w.org\/{rel}","templated":true}]}}