{"id":2113,"date":"2021-07-08T13:31:00","date_gmt":"2021-07-08T13:31:00","guid":{"rendered":"http:\/\/main.brokersalliancerealty.com\/?page_id=2113"},"modified":"2021-09-14T18:18:53","modified_gmt":"2021-09-14T18:18:53","slug":"investing-in-fl-real_estate","status":"publish","type":"page","link":"https:\/\/main.brokersalliancerealty.com\/es\/investing-in-fl-real_estate\/","title":{"rendered":"Invirtiendo En Bienes Ra\u00edces Del Estado De La Florida"},"content":{"rendered":"<p>\u00bfPor qu\u00e9 invertir en el sur de la Florida?<\/p>\n<h2>Dos Razones Principales:<\/h2>\n<p><!-- \/.sc_title --><br \/>\n\t\t\t<!-- \/.sc_promo_image --><br \/>\n\t\t\tRaz\u00f3n 1:<\/p>\n<h2>Ubicaci\u00f3n, Ubicaci\u00f3n y Ubicaci\u00f3n<\/h2>\n<p>El sur de la Florida tiene un mercado de bienes ra\u00edces que ha demostrado ser constante a lo largo de los a\u00f1os. Contamos que esa tendencia se mantenga estable en el futuro. Hay tantas oportunidades incre\u00edbles en todos nuestros hermosos vecindarios de Florida. Muchos inversores como usted se han hecho ricos con nuestro vasto mercado. \u00bfEst\u00e1s listo para aprovechar de la amplia lista de oportunidades? En lo que lo que est\u00e9s, aqu\u00ed estaremos nosotros, listos para ayudarte!<\/p>\n<p>\t\t<!-- \/.sc_promo_text --><!-- \/.sc_promo --><\/p>\n<style type=\"text\/css\">.trx_addons_inline_1561345707{background-color:#ffffff;}<\/style>\n<p>\t\t\t<!-- \/.sc_promo_image --><br \/>\n\t\t\tRaz\u00f3n 2:<\/p>\n<h2>Demanda Rentaria<\/h2>\n<p>Nuestra poblaci\u00f3n est\u00e1 siempre creciendo; por lo tanto, el mercado inmobiliario tambi\u00e9n debe crecer. Debido a que los bancos imponen regulaciones estrictas para las hipotecas, menos personas pueden satisfacer los requerimientos exigidos, lo que aumenta la demanda de propiedades de alquiler. Cuando aumenta la demanda de propiedades de alquiler, tambi\u00e9n aumentan los precios.<\/p>\n<p>\t\t<!-- \/.sc_promo_text --><!-- \/.sc_promo --><\/p>\n<style type=\"text\/css\">.trx_addons_inline_546758435{background-color:#ffffff;}<\/style>\n<p>\t\t\tTienes Una Pregunta?<\/p>\n<h2>Queremos Oir De Ti<\/h2>\n<p><!-- \/.sc_title -->\t\t<\/p>\n\n<div class=\"wpcf7 no-js\" id=\"wpcf7-f222-o1\" lang=\"en-US\" dir=\"ltr\" data-wpcf7-id=\"222\">\n<div class=\"screen-reader-response\"><p role=\"status\" aria-live=\"polite\" aria-atomic=\"true\"><\/p> <ul><\/ul><\/div>\n<form action=\"\/es\/wp-json\/wp\/v2\/pages\/2113#wpcf7-f222-o1\" method=\"post\" class=\"wpcf7-form init\" aria-label=\"Contact form\" novalidate=\"novalidate\" data-status=\"init\" data-trp-original-action=\"\/es\/wp-json\/wp\/v2\/pages\/2113#wpcf7-f222-o1\">\n<div style=\"display: none;\">\n<input type=\"hidden\" name=\"_wpcf7\" value=\"222\" \/>\n<input type=\"hidden\" name=\"_wpcf7_version\" value=\"6.0.6\" \/>\n<input type=\"hidden\" name=\"_wpcf7_locale\" value=\"en_US\" \/>\n<input type=\"hidden\" name=\"_wpcf7_unit_tag\" value=\"wpcf7-f222-o1\" \/>\n<input type=\"hidden\" name=\"_wpcf7_container_post\" value=\"0\" \/>\n<input type=\"hidden\" name=\"_wpcf7_posted_data_hash\" value=\"\" \/>\n<input type=\"hidden\" name=\"_wpcf7dtx_version\" value=\"5.0.2\" \/>\n<\/div>\n<div class=\"sc_form sc_form_default form_white\">\n\t<div class=\"sc_form_details trx_addons_columns_wrap\">\n\t\t<div class=\"trx_addons_column-1_2\">\n\t\t\t<p><span class=\"wpcf7-form-control-wrap\" data-name=\"enter-your-name\"><input size=\"40\" maxlength=\"400\" class=\"wpcf7-form-control wpcf7-text wpcf7-validates-as-required\" aria-required=\"true\" aria-invalid=\"false\" placeholder=\"Nombre:\" value=\"\" type=\"text\" name=\"enter-your-name\" \/><\/span>\n\t\t\t<\/p>\n\t\t<\/div>\n\t\t<div class=\"trx_addons_column-1_2\">\n\t\t\t<p><span class=\"wpcf7-form-control-wrap\" data-name=\"enter-your-email\"><input size=\"40\" maxlength=\"400\" class=\"wpcf7-form-control wpcf7-email wpcf7-validates-as-required wpcf7-text wpcf7-validates-as-email\" aria-required=\"true\" aria-invalid=\"false\" placeholder=\"e-Mail:\" value=\"\" type=\"email\" name=\"enter-your-email\" \/><\/span>\n\t\t\t<\/p>\n\t\t<\/div>\n\t\t<div class=\"trx_addons_column-1_1\">\n\t\t\t<p><span class=\"wpcf7-form-control-wrap\" data-name=\"enter-your-message\"><textarea cols=\"40\" rows=\"10\" maxlength=\"2000\" class=\"wpcf7-form-control wpcf7-textarea\" aria-invalid=\"false\" placeholder=\"Tu Mensaje:\" name=\"enter-your-message\"><\/textarea><\/span>\n\t\t\t<\/p>\n\t\t<\/div>\n\t<\/div>\n\t<div class=\"sc_form_field sc_form_field_checkbox\">\n\t\t<p><span class=\"wpcf7-form-control-wrap\" data-name=\"acceptance-993\"><span class=\"wpcf7-form-control wpcf7-acceptance\"><span class=\"wpcf7-list-item\"><label><input type=\"checkbox\" name=\"acceptance-993\" value=\"1\" aria-invalid=\"false\" \/><span class=\"wpcf7-list-item-label\">Al utilizar este formulario, usted acepta el almacenamiento y manejo de sus datos por parte de BrokersAllianceRealty.com<\/span><\/label><\/span><\/span><\/span>\n\t\t<\/p>\n\t<\/div>\n\t<div class=\"sc_form_field sc_form_field_button sc_form_field_submit\">\n\t\t<p><input class=\"wpcf7-form-control wpcf7-submit has-spinner\" type=\"submit\" value=\"Enviar Mensaje\" \/>\n\t\t<\/p>\n\t<\/div>\n<\/div><div class=\"wpcf7-response-output\" aria-hidden=\"true\"><\/div>\n<input type=\"hidden\" name=\"trp-form-language\" value=\"es\"\/><\/form>\n<\/div>","protected":false},"excerpt":{"rendered":"<p>why should you invest south florida? There Are Two Main Reasons: Reason 1: Location, Location, Location! South Florida has a real estate market that has proven constant over the years. We expect that trend to stay steady into the future. There are so many amazing opportunities all over our beautiful Florida neighborhoods. Many investors just like you have become rich with our vast real estate market. Are you ready to tap into that wealth? Whenever you are, we will be here, ready to help! Reason 2: Rental Demand The population is growing; therefore, the real estate market must grow as well. Because banks impose tough regulations for mortgages, fewer people are able to meet their demands, increasing then the demand for rental properties. When demand for rental properties increases, so do prices. As a real estate investor, you should understand that just like the economy, the real estate industry moves&hellip;<\/p>","protected":false},"author":1,"featured_media":0,"parent":0,"menu_order":0,"comment_status":"closed","ping_status":"closed","template":"","meta":{"footnotes":""},"class_list":["post-2113","page","type-page","status-publish","hentry"],"yoast_head":"<!-- This site is optimized with the Yoast SEO plugin v27.2 - https:\/\/yoast.com\/product\/yoast-seo-wordpress\/ -->\n<title>Investing In Florida Real Estate - Brokers Alliance Realty<\/title>\n<meta name=\"robots\" content=\"index, follow, max-snippet:-1, max-image-preview:large, max-video-preview:-1\" \/>\n<link rel=\"canonical\" href=\"https:\/\/main.brokersalliancerealty.com\/es\/investing-in-fl-real_estate\/\" \/>\n<meta property=\"og:locale\" content=\"es_ES\" \/>\n<meta property=\"og:type\" content=\"article\" \/>\n<meta property=\"og:title\" content=\"Investing In Florida Real Estate - Brokers Alliance Realty\" \/>\n<meta property=\"og:description\" content=\"why should you invest south florida? There Are Two Main Reasons: Reason 1: Location, Location, Location! South Florida has a real estate market that has proven constant over the years. We expect that trend to stay steady into the future. There are so many amazing opportunities all over our beautiful Florida neighborhoods. Many investors just like you have become rich with our vast real estate market. Are you ready to tap into that wealth? Whenever you are, we will be here, ready to help! Reason 2: Rental Demand The population is growing; therefore, the real estate market must grow as well. Because banks impose tough regulations for mortgages, fewer people are able to meet their demands, increasing then the demand for rental properties. When demand for rental properties increases, so do prices. As a real estate investor, you should understand that just like the economy, the real estate industry moves&hellip;\" \/>\n<meta property=\"og:url\" content=\"https:\/\/main.brokersalliancerealty.com\/es\/investing-in-fl-real_estate\/\" \/>\n<meta property=\"og:site_name\" content=\"Brokers Alliance Realty\" \/>\n<meta property=\"article:modified_time\" content=\"2021-09-14T18:18:53+00:00\" \/>\n<meta name=\"twitter:card\" content=\"summary_large_image\" \/>\n<meta name=\"twitter:label1\" content=\"Tiempo de lectura\" \/>\n\t<meta name=\"twitter:data1\" content=\"1 minuto\" \/>\n<script type=\"application\/ld+json\" class=\"yoast-schema-graph\">{\"@context\":\"https:\/\/schema.org\",\"@graph\":[{\"@type\":\"WebPage\",\"@id\":\"https:\/\/main.brokersalliancerealty.com\/investing-in-fl-real_estate\/\",\"url\":\"https:\/\/main.brokersalliancerealty.com\/investing-in-fl-real_estate\/\",\"name\":\"Investing In Florida Real Estate - Brokers Alliance Realty\",\"isPartOf\":{\"@id\":\"https:\/\/main.brokersalliancerealty.com\/#website\"},\"datePublished\":\"2021-07-08T13:31:00+00:00\",\"dateModified\":\"2021-09-14T18:18:53+00:00\",\"breadcrumb\":{\"@id\":\"https:\/\/main.brokersalliancerealty.com\/investing-in-fl-real_estate\/#breadcrumb\"},\"inLanguage\":\"es\",\"potentialAction\":[{\"@type\":\"ReadAction\",\"target\":[\"https:\/\/main.brokersalliancerealty.com\/investing-in-fl-real_estate\/\"]}]},{\"@type\":\"BreadcrumbList\",\"@id\":\"https:\/\/main.brokersalliancerealty.com\/investing-in-fl-real_estate\/#breadcrumb\",\"itemListElement\":[{\"@type\":\"ListItem\",\"position\":1,\"name\":\"Home\",\"item\":\"https:\/\/main.brokersalliancerealty.com\/\"},{\"@type\":\"ListItem\",\"position\":2,\"name\":\"Investing In Florida Real Estate\"}]},{\"@type\":\"WebSite\",\"@id\":\"https:\/\/main.brokersalliancerealty.com\/#website\",\"url\":\"https:\/\/main.brokersalliancerealty.com\/\",\"name\":\"Brokers Alliance Realty\",\"description\":\"Partnering For Your Success\",\"publisher\":{\"@id\":\"https:\/\/main.brokersalliancerealty.com\/#organization\"},\"potentialAction\":[{\"@type\":\"SearchAction\",\"target\":{\"@type\":\"EntryPoint\",\"urlTemplate\":\"https:\/\/main.brokersalliancerealty.com\/?s={search_term_string}\"},\"query-input\":{\"@type\":\"PropertyValueSpecification\",\"valueRequired\":true,\"valueName\":\"search_term_string\"}}],\"inLanguage\":\"es\"},{\"@type\":\"Organization\",\"@id\":\"https:\/\/main.brokersalliancerealty.com\/#organization\",\"name\":\"Brokers Alliance Realty\",\"url\":\"https:\/\/main.brokersalliancerealty.com\/\",\"logo\":{\"@type\":\"ImageObject\",\"inLanguage\":\"es\",\"@id\":\"https:\/\/main.brokersalliancerealty.com\/#\/schema\/logo\/image\/\",\"url\":\"https:\/\/main.brokersalliancerealty.com\/wp-content\/uploads\/2019\/04\/cropped-logo.png\",\"contentUrl\":\"https:\/\/main.brokersalliancerealty.com\/wp-content\/uploads\/2019\/04\/cropped-logo.png\",\"width\":313,\"height\":216,\"caption\":\"Brokers Alliance Realty\"},\"image\":{\"@id\":\"https:\/\/main.brokersalliancerealty.com\/#\/schema\/logo\/image\/\"}}]}<\/script>\n<!-- \/ Yoast SEO plugin. -->","yoast_head_json":{"title":"Investing In Florida Real Estate - Brokers Alliance Realty","robots":{"index":"index","follow":"follow","max-snippet":"max-snippet:-1","max-image-preview":"max-image-preview:large","max-video-preview":"max-video-preview:-1"},"canonical":"https:\/\/main.brokersalliancerealty.com\/es\/investing-in-fl-real_estate\/","og_locale":"es_ES","og_type":"article","og_title":"Investing In Florida Real Estate - Brokers Alliance Realty","og_description":"why should you invest south florida? There Are Two Main Reasons: Reason 1: Location, Location, Location! South Florida has a real estate market that has proven constant over the years. We expect that trend to stay steady into the future. There are so many amazing opportunities all over our beautiful Florida neighborhoods. Many investors just like you have become rich with our vast real estate market. Are you ready to tap into that wealth? Whenever you are, we will be here, ready to help! Reason 2: Rental Demand The population is growing; therefore, the real estate market must grow as well. Because banks impose tough regulations for mortgages, fewer people are able to meet their demands, increasing then the demand for rental properties. When demand for rental properties increases, so do prices. As a real estate investor, you should understand that just like the economy, the real estate industry moves&hellip;","og_url":"https:\/\/main.brokersalliancerealty.com\/es\/investing-in-fl-real_estate\/","og_site_name":"Brokers Alliance Realty","article_modified_time":"2021-09-14T18:18:53+00:00","twitter_card":"summary_large_image","twitter_misc":{"Tiempo de lectura":"1 minuto"},"schema":{"@context":"https:\/\/schema.org","@graph":[{"@type":"WebPage","@id":"https:\/\/main.brokersalliancerealty.com\/investing-in-fl-real_estate\/","url":"https:\/\/main.brokersalliancerealty.com\/investing-in-fl-real_estate\/","name":"Investing In Florida Real Estate - Brokers Alliance Realty","isPartOf":{"@id":"https:\/\/main.brokersalliancerealty.com\/#website"},"datePublished":"2021-07-08T13:31:00+00:00","dateModified":"2021-09-14T18:18:53+00:00","breadcrumb":{"@id":"https:\/\/main.brokersalliancerealty.com\/investing-in-fl-real_estate\/#breadcrumb"},"inLanguage":"es","potentialAction":[{"@type":"ReadAction","target":["https:\/\/main.brokersalliancerealty.com\/investing-in-fl-real_estate\/"]}]},{"@type":"BreadcrumbList","@id":"https:\/\/main.brokersalliancerealty.com\/investing-in-fl-real_estate\/#breadcrumb","itemListElement":[{"@type":"ListItem","position":1,"name":"Home","item":"https:\/\/main.brokersalliancerealty.com\/"},{"@type":"ListItem","position":2,"name":"Investing In Florida Real Estate"}]},{"@type":"WebSite","@id":"https:\/\/main.brokersalliancerealty.com\/#website","url":"https:\/\/main.brokersalliancerealty.com\/","name":"Brokers Alliance Realty","description":"Partnering For Your Success","publisher":{"@id":"https:\/\/main.brokersalliancerealty.com\/#organization"},"potentialAction":[{"@type":"SearchAction","target":{"@type":"EntryPoint","urlTemplate":"https:\/\/main.brokersalliancerealty.com\/?s={search_term_string}"},"query-input":{"@type":"PropertyValueSpecification","valueRequired":true,"valueName":"search_term_string"}}],"inLanguage":"es"},{"@type":"Organization","@id":"https:\/\/main.brokersalliancerealty.com\/#organization","name":"Brokers Alliance Realty","url":"https:\/\/main.brokersalliancerealty.com\/","logo":{"@type":"ImageObject","inLanguage":"es","@id":"https:\/\/main.brokersalliancerealty.com\/#\/schema\/logo\/image\/","url":"https:\/\/main.brokersalliancerealty.com\/wp-content\/uploads\/2019\/04\/cropped-logo.png","contentUrl":"https:\/\/main.brokersalliancerealty.com\/wp-content\/uploads\/2019\/04\/cropped-logo.png","width":313,"height":216,"caption":"Brokers Alliance Realty"},"image":{"@id":"https:\/\/main.brokersalliancerealty.com\/#\/schema\/logo\/image\/"}}]}},"_links":{"self":[{"href":"https:\/\/main.brokersalliancerealty.com\/es\/wp-json\/wp\/v2\/pages\/2113","targetHints":{"allow":["GET"]}}],"collection":[{"href":"https:\/\/main.brokersalliancerealty.com\/es\/wp-json\/wp\/v2\/pages"}],"about":[{"href":"https:\/\/main.brokersalliancerealty.com\/es\/wp-json\/wp\/v2\/types\/page"}],"author":[{"embeddable":true,"href":"https:\/\/main.brokersalliancerealty.com\/es\/wp-json\/wp\/v2\/users\/1"}],"replies":[{"embeddable":true,"href":"https:\/\/main.brokersalliancerealty.com\/es\/wp-json\/wp\/v2\/comments?post=2113"}],"version-history":[{"count":40,"href":"https:\/\/main.brokersalliancerealty.com\/es\/wp-json\/wp\/v2\/pages\/2113\/revisions"}],"predecessor-version":[{"id":3762,"href":"https:\/\/main.brokersalliancerealty.com\/es\/wp-json\/wp\/v2\/pages\/2113\/revisions\/3762"}],"wp:attachment":[{"href":"https:\/\/main.brokersalliancerealty.com\/es\/wp-json\/wp\/v2\/media?parent=2113"}],"curies":[{"name":"wp","href":"https:\/\/api.w.org\/{rel}","templated":true}]}}