{"id":2021,"date":"2021-07-07T18:41:16","date_gmt":"2021-07-07T18:41:16","guid":{"rendered":"http:\/\/main.brokersalliancerealty.com\/?page_id=2021"},"modified":"2021-09-22T16:15:34","modified_gmt":"2021-09-22T16:15:34","slug":"reo","status":"publish","type":"page","link":"https:\/\/main.brokersalliancerealty.com\/es\/reo\/","title":{"rendered":"REO"},"content":{"rendered":"<p><img decoding=\"async\" width=\"932\" height=\"846\" src=\"http:\/\/brokersalliancerealty.com\/wp-content\/uploads\/2021\/07\/reo.jpg\" alt=\"\" loading=\"lazy\" srcset=\"https:\/\/guardamg.com\/wp-content\/uploads\/2021\/07\/reo.jpg 932w, https:\/\/guardamg.com\/wp-content\/uploads\/2021\/07\/reo-300x272.jpg 300w, https:\/\/guardamg.com\/wp-content\/uploads\/2021\/07\/reo-768x697.jpg 768w, https:\/\/guardamg.com\/wp-content\/uploads\/2021\/07\/reo-13x12.jpg 13w, https:\/\/guardamg.com\/wp-content\/uploads\/2021\/07\/reo-370x336.jpg 370w, https:\/\/guardamg.com\/wp-content\/uploads\/2021\/07\/reo-760x690.jpg 760w\" sizes=\"auto, (max-width: 932px) 100vw, 932px\" \/><br \/>\n\t\t\tServicio excepcional<\/p>\n<h2>REO<\/h2>\n<p><!-- \/.sc_title --><\/p>\n<style type=\"text\/css\">.trx_addons_inline_234603831{color:#23CCD4 !important}<\/style>\n<p>Hemos dedicado m\u00e1s de 18 a\u00f1os a proporcionar servicios superiores con REO activos. Nosotros mercadeamos, vendemoss y valoramos, en los condados de Miami-Dade y Broward. Nuestra comprensi\u00f3n de las instituciones crediticias y las empresas de servicios en el mercado actual es excepcional. \u00a1Estamos muy orgullosos que representamos una tradici\u00f3n de \u00e9xito en ventas!<\/p>\n<p>\t\t\t<a href=\"http:\/\/brokersalliancerealty.com\/contact-us\/\" id=\"trx_sc_button_1509761803\">Mas Detalles<!-- \/.sc_button_text --><\/a><!-- \/.sc_button -->\t\t<\/p>\n<h4><i><strong>Nuestra prioridad #1 es proporcionar un servicio r\u00e1pido y confiable para todos los bancos, compa\u00f1\u00edas hipotecarias y compa\u00f1\u00edas de gesti\u00f3n de activos.<\/strong><\/i><\/h4>\n<p>\t\t\tServicios De REO<\/p>\n<h2>Nuestra Completa Cartera De Servicios Incluye:<\/h2>\n<p><!-- \/.sc_title --><br \/>\n\t\t\t<img decoding=\"async\" src=\"\/\/main.brokersalliancerealty.com\/wp-content\/uploads\/2021\/07\/checked.png\" alt=\"Icon\"><b>MANEJO COMPLETO DE REO: DESDE BPO, HASTA EL CIERRE DEL ACTIVO<\/b?<img><b> BPO DE PASADA, HECHO A LAS 24 HORAS O ANTES<img decoding=\"async\" src=\"\/\/main.brokersalliancerealty.com\/wp-content\/uploads\/2021\/07\/checked.png\" alt=\"Icon\">CMA\/BPO DE INTERIORES. HECHO A LAS 48 HORAS O ANTES<img decoding=\"async\" src=\"\/\/main.brokersalliancerealty.com\/wp-content\/uploads\/2021\/07\/checked.png\" alt=\"Icon\">SEGUNDA OPINION BPO <img decoding=\"async\" src=\"\/\/main.brokersalliancerealty.com\/wp-content\/uploads\/2021\/07\/checked.png\" alt=\"Icon\">BPO RETROSPECTIVO<img decoding=\"async\" src=\"\/\/main.brokersalliancerealty.com\/wp-content\/uploads\/2021\/07\/checked.png\" alt=\"Icon\">REPORTE DE CONDICION DE PROPIEDAD<img decoding=\"async\" src=\"\/\/main.brokersalliancerealty.com\/wp-content\/uploads\/2021\/07\/checked.png\" alt=\"Icon\">CONTROLES DE OCUPACI\u00d3N PARA EL MISMO D\u00cdA. RE-LLAVEAR Y ARREGLAR SERVICIOS DE UTILIDADES <img decoding=\"async\" src=\"\/\/main.brokersalliancerealty.com\/wp-content\/uploads\/2021\/07\/checked.png\" alt=\"Icon\">IMPLEMENTACI\u00d3N DE EFECTIVO POR LLAVES, Y COORDINACI\u00d3N DEL DESALOJO SI EL ACTIVO EST\u00c1 OCUPADO<img decoding=\"async\" src=\"\/\/main.brokersalliancerealty.com\/wp-content\/uploads\/2021\/07\/checked.png\" alt=\"Icon\">REPARACIONES Y CONSEGUIR OFERTAS DE PROVEEDORES DE SERVICIOS<img decoding=\"async\" src=\"\/\/main.brokersalliancerealty.com\/wp-content\/uploads\/2021\/07\/checked.png\" alt=\"Icon\">MANTENIMIENTO DE PROPIEDAD <img decoding=\"async\" src=\"\/\/main.brokersalliancerealty.com\/wp-content\/uploads\/2021\/07\/checked.png\" alt=\"Icon\">REPORTES MENSUALES<!-- \/.sc_icons --><br \/>\n\t\t\tTienes Una Pregunta?<\/p>\n<h2>Queremos Oir De Ti<\/h2>\n<p><!-- \/.sc_title -->\t\t<\/p>\n\n<div class=\"wpcf7 no-js\" id=\"wpcf7-f222-o1\" lang=\"en-US\" dir=\"ltr\" data-wpcf7-id=\"222\">\n<div class=\"screen-reader-response\"><p role=\"status\" aria-live=\"polite\" aria-atomic=\"true\"><\/p> <ul><\/ul><\/div>\n<form action=\"\/es\/wp-json\/wp\/v2\/pages\/2021#wpcf7-f222-o1\" method=\"post\" class=\"wpcf7-form init\" aria-label=\"Contact form\" novalidate=\"novalidate\" data-status=\"init\" data-trp-original-action=\"\/es\/wp-json\/wp\/v2\/pages\/2021#wpcf7-f222-o1\">\n<div style=\"display: none;\">\n<input type=\"hidden\" name=\"_wpcf7\" value=\"222\" \/>\n<input type=\"hidden\" name=\"_wpcf7_version\" value=\"6.0.6\" \/>\n<input type=\"hidden\" name=\"_wpcf7_locale\" value=\"en_US\" \/>\n<input type=\"hidden\" name=\"_wpcf7_unit_tag\" value=\"wpcf7-f222-o1\" \/>\n<input type=\"hidden\" name=\"_wpcf7_container_post\" value=\"0\" \/>\n<input type=\"hidden\" name=\"_wpcf7_posted_data_hash\" value=\"\" \/>\n<input type=\"hidden\" name=\"_wpcf7dtx_version\" value=\"5.0.2\" \/>\n<\/div>\n<div class=\"sc_form sc_form_default form_white\">\n\t<div class=\"sc_form_details trx_addons_columns_wrap\">\n\t\t<div class=\"trx_addons_column-1_2\">\n\t\t\t<p><span class=\"wpcf7-form-control-wrap\" data-name=\"enter-your-name\"><input size=\"40\" maxlength=\"400\" class=\"wpcf7-form-control wpcf7-text wpcf7-validates-as-required\" aria-required=\"true\" aria-invalid=\"false\" placeholder=\"Nombre:\" value=\"\" type=\"text\" name=\"enter-your-name\" \/><\/span>\n\t\t\t<\/p>\n\t\t<\/div>\n\t\t<div class=\"trx_addons_column-1_2\">\n\t\t\t<p><span class=\"wpcf7-form-control-wrap\" data-name=\"enter-your-email\"><input size=\"40\" maxlength=\"400\" class=\"wpcf7-form-control wpcf7-email wpcf7-validates-as-required wpcf7-text wpcf7-validates-as-email\" aria-required=\"true\" aria-invalid=\"false\" placeholder=\"e-Mail:\" value=\"\" type=\"email\" name=\"enter-your-email\" \/><\/span>\n\t\t\t<\/p>\n\t\t<\/div>\n\t\t<div class=\"trx_addons_column-1_1\">\n\t\t\t<p><span class=\"wpcf7-form-control-wrap\" data-name=\"enter-your-message\"><textarea cols=\"40\" rows=\"10\" maxlength=\"2000\" class=\"wpcf7-form-control wpcf7-textarea\" aria-invalid=\"false\" placeholder=\"Tu Mensaje:\" name=\"enter-your-message\"><\/textarea><\/span>\n\t\t\t<\/p>\n\t\t<\/div>\n\t<\/div>\n\t<div class=\"sc_form_field sc_form_field_checkbox\">\n\t\t<p><span class=\"wpcf7-form-control-wrap\" data-name=\"acceptance-993\"><span class=\"wpcf7-form-control wpcf7-acceptance\"><span class=\"wpcf7-list-item\"><label><input type=\"checkbox\" name=\"acceptance-993\" value=\"1\" aria-invalid=\"false\" \/><span class=\"wpcf7-list-item-label\">Al utilizar este formulario, usted acepta el almacenamiento y manejo de sus datos por parte de BrokersAllianceRealty.com<\/span><\/label><\/span><\/span><\/span>\n\t\t<\/p>\n\t<\/div>\n\t<div class=\"sc_form_field sc_form_field_button sc_form_field_submit\">\n\t\t<p><input class=\"wpcf7-form-control wpcf7-submit has-spinner\" type=\"submit\" value=\"Enviar Mensaje\" \/>\n\t\t<\/p>\n\t<\/div>\n<\/div><div class=\"wpcf7-response-output\" aria-hidden=\"true\"><\/div>\n<input type=\"hidden\" name=\"trp-form-language\" value=\"es\"\/><\/form>\n<\/div>","protected":false},"excerpt":{"rendered":"<p>Exceptional Service REO We have dedicated over 18 years to providing superior REO asset management, marketing, sales, and valuation services, in the counties of Miami-Dade and Broward in Florida state. Our understanding of lending institutions, and servicing companies in today\u2019s market is hands down exceptional. We truly represent a tradition of sales success! get details Our #1 priority is to provide fast and reliable service to all banks, mortgage companies and asset management companies. reo services Our Complete Range Of Services Include: COMPLETE REO HANDELING: FROM BPO, TO THE CLOSING OF THE ASSSET<\/p>","protected":false},"author":1,"featured_media":0,"parent":0,"menu_order":0,"comment_status":"closed","ping_status":"closed","template":"","meta":{"footnotes":""},"class_list":["post-2021","page","type-page","status-publish","hentry"],"yoast_head":"<!-- This site is optimized with the Yoast SEO plugin v27.2 - https:\/\/yoast.com\/product\/yoast-seo-wordpress\/ -->\n<title>REO - Brokers Alliance Realty<\/title>\n<meta name=\"robots\" content=\"index, follow, max-snippet:-1, max-image-preview:large, max-video-preview:-1\" \/>\n<link rel=\"canonical\" href=\"https:\/\/main.brokersalliancerealty.com\/es\/reo\/\" \/>\n<meta property=\"og:locale\" content=\"es_ES\" \/>\n<meta property=\"og:type\" content=\"article\" \/>\n<meta property=\"og:title\" content=\"REO - Brokers Alliance Realty\" \/>\n<meta property=\"og:description\" content=\"Exceptional Service REO We have dedicated over 18 years to providing superior REO asset management, marketing, sales, and valuation services, in the counties of Miami-Dade and Broward in Florida state. Our understanding of lending institutions, and servicing companies in today\u2019s market is hands down exceptional. We truly represent a tradition of sales success! get details Our #1 priority is to provide fast and reliable service to all banks, mortgage companies and asset management companies. reo services Our Complete Range Of Services Include: COMPLETE REO HANDELING: FROM BPO, TO THE CLOSING OF THE ASSSET\" \/>\n<meta property=\"og:url\" content=\"https:\/\/main.brokersalliancerealty.com\/es\/reo\/\" \/>\n<meta property=\"og:site_name\" content=\"Brokers Alliance Realty\" \/>\n<meta property=\"article:modified_time\" content=\"2021-09-22T16:15:34+00:00\" \/>\n<meta property=\"og:image\" content=\"http:\/\/brokersalliancerealty.com\/wp-content\/uploads\/2021\/07\/reo.jpg\" \/>\n<meta name=\"twitter:card\" content=\"summary_large_image\" \/>\n<script type=\"application\/ld+json\" class=\"yoast-schema-graph\">{\"@context\":\"https:\/\/schema.org\",\"@graph\":[{\"@type\":\"WebPage\",\"@id\":\"https:\/\/main.brokersalliancerealty.com\/reo\/\",\"url\":\"https:\/\/main.brokersalliancerealty.com\/reo\/\",\"name\":\"REO - Brokers Alliance Realty\",\"isPartOf\":{\"@id\":\"https:\/\/main.brokersalliancerealty.com\/#website\"},\"primaryImageOfPage\":{\"@id\":\"https:\/\/main.brokersalliancerealty.com\/reo\/#primaryimage\"},\"image\":{\"@id\":\"https:\/\/main.brokersalliancerealty.com\/reo\/#primaryimage\"},\"thumbnailUrl\":\"http:\/\/brokersalliancerealty.com\/wp-content\/uploads\/2021\/07\/reo.jpg\",\"datePublished\":\"2021-07-07T18:41:16+00:00\",\"dateModified\":\"2021-09-22T16:15:34+00:00\",\"breadcrumb\":{\"@id\":\"https:\/\/main.brokersalliancerealty.com\/reo\/#breadcrumb\"},\"inLanguage\":\"es\",\"potentialAction\":[{\"@type\":\"ReadAction\",\"target\":[\"https:\/\/main.brokersalliancerealty.com\/reo\/\"]}]},{\"@type\":\"ImageObject\",\"inLanguage\":\"es\",\"@id\":\"https:\/\/main.brokersalliancerealty.com\/reo\/#primaryimage\",\"url\":\"http:\/\/brokersalliancerealty.com\/wp-content\/uploads\/2021\/07\/reo.jpg\",\"contentUrl\":\"http:\/\/brokersalliancerealty.com\/wp-content\/uploads\/2021\/07\/reo.jpg\"},{\"@type\":\"BreadcrumbList\",\"@id\":\"https:\/\/main.brokersalliancerealty.com\/reo\/#breadcrumb\",\"itemListElement\":[{\"@type\":\"ListItem\",\"position\":1,\"name\":\"Home\",\"item\":\"https:\/\/main.brokersalliancerealty.com\/\"},{\"@type\":\"ListItem\",\"position\":2,\"name\":\"REO\"}]},{\"@type\":\"WebSite\",\"@id\":\"https:\/\/main.brokersalliancerealty.com\/#website\",\"url\":\"https:\/\/main.brokersalliancerealty.com\/\",\"name\":\"Brokers Alliance Realty\",\"description\":\"Partnering For Your Success\",\"publisher\":{\"@id\":\"https:\/\/main.brokersalliancerealty.com\/#organization\"},\"potentialAction\":[{\"@type\":\"SearchAction\",\"target\":{\"@type\":\"EntryPoint\",\"urlTemplate\":\"https:\/\/main.brokersalliancerealty.com\/?s={search_term_string}\"},\"query-input\":{\"@type\":\"PropertyValueSpecification\",\"valueRequired\":true,\"valueName\":\"search_term_string\"}}],\"inLanguage\":\"es\"},{\"@type\":\"Organization\",\"@id\":\"https:\/\/main.brokersalliancerealty.com\/#organization\",\"name\":\"Brokers Alliance Realty\",\"url\":\"https:\/\/main.brokersalliancerealty.com\/\",\"logo\":{\"@type\":\"ImageObject\",\"inLanguage\":\"es\",\"@id\":\"https:\/\/main.brokersalliancerealty.com\/#\/schema\/logo\/image\/\",\"url\":\"https:\/\/main.brokersalliancerealty.com\/wp-content\/uploads\/2019\/04\/cropped-logo.png\",\"contentUrl\":\"https:\/\/main.brokersalliancerealty.com\/wp-content\/uploads\/2019\/04\/cropped-logo.png\",\"width\":313,\"height\":216,\"caption\":\"Brokers Alliance Realty\"},\"image\":{\"@id\":\"https:\/\/main.brokersalliancerealty.com\/#\/schema\/logo\/image\/\"}}]}<\/script>\n<!-- \/ Yoast SEO plugin. -->","yoast_head_json":{"title":"REO - Brokers Alliance Realty","robots":{"index":"index","follow":"follow","max-snippet":"max-snippet:-1","max-image-preview":"max-image-preview:large","max-video-preview":"max-video-preview:-1"},"canonical":"https:\/\/main.brokersalliancerealty.com\/es\/reo\/","og_locale":"es_ES","og_type":"article","og_title":"REO - Brokers Alliance Realty","og_description":"Exceptional Service REO We have dedicated over 18 years to providing superior REO asset management, marketing, sales, and valuation services, in the counties of Miami-Dade and Broward in Florida state. Our understanding of lending institutions, and servicing companies in today\u2019s market is hands down exceptional. We truly represent a tradition of sales success! get details Our #1 priority is to provide fast and reliable service to all banks, mortgage companies and asset management companies. reo services Our Complete Range Of Services Include: COMPLETE REO HANDELING: FROM BPO, TO THE CLOSING OF THE ASSSET","og_url":"https:\/\/main.brokersalliancerealty.com\/es\/reo\/","og_site_name":"Brokers Alliance Realty","article_modified_time":"2021-09-22T16:15:34+00:00","og_image":[{"url":"http:\/\/brokersalliancerealty.com\/wp-content\/uploads\/2021\/07\/reo.jpg","type":"","width":"","height":""}],"twitter_card":"summary_large_image","schema":{"@context":"https:\/\/schema.org","@graph":[{"@type":"WebPage","@id":"https:\/\/main.brokersalliancerealty.com\/reo\/","url":"https:\/\/main.brokersalliancerealty.com\/reo\/","name":"REO - Brokers Alliance Realty","isPartOf":{"@id":"https:\/\/main.brokersalliancerealty.com\/#website"},"primaryImageOfPage":{"@id":"https:\/\/main.brokersalliancerealty.com\/reo\/#primaryimage"},"image":{"@id":"https:\/\/main.brokersalliancerealty.com\/reo\/#primaryimage"},"thumbnailUrl":"http:\/\/brokersalliancerealty.com\/wp-content\/uploads\/2021\/07\/reo.jpg","datePublished":"2021-07-07T18:41:16+00:00","dateModified":"2021-09-22T16:15:34+00:00","breadcrumb":{"@id":"https:\/\/main.brokersalliancerealty.com\/reo\/#breadcrumb"},"inLanguage":"es","potentialAction":[{"@type":"ReadAction","target":["https:\/\/main.brokersalliancerealty.com\/reo\/"]}]},{"@type":"ImageObject","inLanguage":"es","@id":"https:\/\/main.brokersalliancerealty.com\/reo\/#primaryimage","url":"http:\/\/brokersalliancerealty.com\/wp-content\/uploads\/2021\/07\/reo.jpg","contentUrl":"http:\/\/brokersalliancerealty.com\/wp-content\/uploads\/2021\/07\/reo.jpg"},{"@type":"BreadcrumbList","@id":"https:\/\/main.brokersalliancerealty.com\/reo\/#breadcrumb","itemListElement":[{"@type":"ListItem","position":1,"name":"Home","item":"https:\/\/main.brokersalliancerealty.com\/"},{"@type":"ListItem","position":2,"name":"REO"}]},{"@type":"WebSite","@id":"https:\/\/main.brokersalliancerealty.com\/#website","url":"https:\/\/main.brokersalliancerealty.com\/","name":"Brokers Alliance Realty","description":"Partnering For Your Success","publisher":{"@id":"https:\/\/main.brokersalliancerealty.com\/#organization"},"potentialAction":[{"@type":"SearchAction","target":{"@type":"EntryPoint","urlTemplate":"https:\/\/main.brokersalliancerealty.com\/?s={search_term_string}"},"query-input":{"@type":"PropertyValueSpecification","valueRequired":true,"valueName":"search_term_string"}}],"inLanguage":"es"},{"@type":"Organization","@id":"https:\/\/main.brokersalliancerealty.com\/#organization","name":"Brokers Alliance Realty","url":"https:\/\/main.brokersalliancerealty.com\/","logo":{"@type":"ImageObject","inLanguage":"es","@id":"https:\/\/main.brokersalliancerealty.com\/#\/schema\/logo\/image\/","url":"https:\/\/main.brokersalliancerealty.com\/wp-content\/uploads\/2019\/04\/cropped-logo.png","contentUrl":"https:\/\/main.brokersalliancerealty.com\/wp-content\/uploads\/2019\/04\/cropped-logo.png","width":313,"height":216,"caption":"Brokers Alliance Realty"},"image":{"@id":"https:\/\/main.brokersalliancerealty.com\/#\/schema\/logo\/image\/"}}]}},"_links":{"self":[{"href":"https:\/\/main.brokersalliancerealty.com\/es\/wp-json\/wp\/v2\/pages\/2021","targetHints":{"allow":["GET"]}}],"collection":[{"href":"https:\/\/main.brokersalliancerealty.com\/es\/wp-json\/wp\/v2\/pages"}],"about":[{"href":"https:\/\/main.brokersalliancerealty.com\/es\/wp-json\/wp\/v2\/types\/page"}],"author":[{"embeddable":true,"href":"https:\/\/main.brokersalliancerealty.com\/es\/wp-json\/wp\/v2\/users\/1"}],"replies":[{"embeddable":true,"href":"https:\/\/main.brokersalliancerealty.com\/es\/wp-json\/wp\/v2\/comments?post=2021"}],"version-history":[{"count":89,"href":"https:\/\/main.brokersalliancerealty.com\/es\/wp-json\/wp\/v2\/pages\/2021\/revisions"}],"predecessor-version":[{"id":3858,"href":"https:\/\/main.brokersalliancerealty.com\/es\/wp-json\/wp\/v2\/pages\/2021\/revisions\/3858"}],"wp:attachment":[{"href":"https:\/\/main.brokersalliancerealty.com\/es\/wp-json\/wp\/v2\/media?parent=2021"}],"curies":[{"name":"wp","href":"https:\/\/api.w.org\/{rel}","templated":true}]}}