{"id":2001,"date":"2021-07-07T17:00:15","date_gmt":"2021-07-07T17:00:15","guid":{"rendered":"http:\/\/main.brokersalliancerealty.com\/?page_id=2001"},"modified":"2021-09-22T16:35:42","modified_gmt":"2021-09-22T16:35:42","slug":"buying-renting-real-estate","status":"publish","type":"page","link":"https:\/\/main.brokersalliancerealty.com\/es\/buying-renting-real-estate\/","title":{"rendered":"Compra \/ Alquiler De Bienes Ra\u00edces"},"content":{"rendered":"<p>Bienes Ra\u00edces<\/p>\n<h2>Compra \/ Alquiler<\/h2>\n<p>Cuando busca una propiedad para <a href=\"http:\/\/brokersalliancerealty.com\/pick-your-starter-home-2\/\">  comprar o alquilar<\/a>, siempre significa que esta atravezando por un cambio monumental en la vida. Los agentes que representan a Brokers Alliance Realty nunca ver\u00e1n los bienes ra\u00edces solo como una colecci\u00f3n de direcciones. Nosotros emparejamos personas con propiedades y estilos de vida. Nuestro \u00e9xito es nuestra capacidad para encontrar la  <a href=\"http:\/\/brokersalliancerealty.com\/your-dream-home\/\">pr\u00f3xima casa de su sue\u00f1o<\/a> and match it with your financial ability, and see you through to the end of the contract&#8217;s execution. What we do for all our customers is professional, meticulous and knowledgable. Every transaction is exercised with decades of experience under our belt.<\/p>\n<p><!-- \/.sc_title --><\/p>\n<style type=\"text\/css\">.trx_addons_inline_1679468672{color:#23CCD4 !important}<\/style>\n<p>\t\t\t\t\t\t\t\t\t\t\t\t<img decoding=\"async\" width=\"514\" height=\"400\" src=\"http:\/\/brokersalliancerealty.com\/wp-content\/uploads\/2021\/09\/buying-renting.jpg\" alt=\"\" loading=\"lazy\" srcset=\"http:\/\/brokersalliancerealty.com\/wp-content\/uploads\/2021\/09\/buying-renting.jpg 514w, http:\/\/brokersalliancerealty.com\/wp-content\/uploads\/2021\/09\/buying-renting-300x233.jpg 300w, http:\/\/brokersalliancerealty.com\/wp-content\/uploads\/2021\/09\/buying-renting-15x12.jpg 15w, http:\/\/brokersalliancerealty.com\/wp-content\/uploads\/2021\/09\/buying-renting-370x288.jpg 370w\" sizes=\"auto, (max-width: 514px) 100vw, 514px\"><br \/>\nventajas<\/p>\n<h2>Lo Que Puedes Esperar De Nosotros<\/h2>\n<p><!-- \/.sc_title --><\/p>\n<style type=\"text\/css\">.trx_addons_inline_886759704{color:#23CCD4 !important}<\/style>\n<h4>Experiencia<\/h4>\n<p>Cada agente en nuestro equipo tiene d\u00e9cadas de experiencia en bienes ra\u00edces concentrada en el sur de la Florida.  Nosotros hemos visto cambios en nuestras comunidades, a veces para bien, a veces para mal, d\u00e1ndonos una gran perspectiva para asesorar y encontrar lo que usted necesita<\/p>\n<h4>Vivimos Localmente<\/h4>\n<p>Vivimos en el \u00e1rea en la que trabajamos, lo que nos hace no solo estar muy bien informados de todas las muchas comunidades de nuestra area, sino que tambi\u00e9n estamos orgullosos de ser parte de nuestra hermosa tierra aqui en el sur de la Florida.<\/p>\n<h4>Reputaci\u00f3n<\/h4>\n<p>Hemos trabajado con muchos profesionales en nuestra industria. Nuestros colegas, incluyendo agentes de t\u00edtulos, corredores hipotecarios, brokers y demas, saben que esperamos una alta calidad \u00e9 integridad en sus trabajo asi como nosotros ponemos en el nuestro.<\/p>\n<h4>Entrenamiento<\/h4>\n<p>At Brokers Alliance Realty, Inc, we dare not happy with the minimum continuing education mandated by the state of Florida. We are always training in highly specialized courses, to keep up with industry&#8217;s trends and current technology, which makes for better marketing<\/p>\n<h4>Servicio Personal<\/h4>\n<p>Dedicaremos todo el tiempo que sea necesario para averiguar cu\u00e1les son sus necesidades y las caracteristicas deseadas. Nosotros, buscaremos la propiedad que este dentro de su capacidad economica y llene todas sus requisitos. No hay dos transacciones iguales. Todas las situaciones incluyen una red de variables complejas. Nuestra virtud es poder ofrecer un servicio \u00fanico, personalizado solo para usted.<\/p>\n<h4>Negociadores Experimentados<\/h4>\n<p>Todos los agentes de bienes ra\u00edces en el equipo de Brokers Alliance tienen una experiencia s\u00f3lida en la rama de negocios. Nuestra competencia se demuestra cuando aprovechamos las oportunidades en el momento de negociar el contrato, asi poder beneficiar nuestro cliente, ya sea un comprador o un vendedor<!-- \/.sc_icons --><br \/>\nTienes Una Pregunta?<\/p>\n<h2>Queremos Oir De Ti<\/h2>\n<p><!-- \/.sc_title --><\/p>\n\n<div class=\"wpcf7 no-js\" id=\"wpcf7-f222-o1\" lang=\"en-US\" dir=\"ltr\" data-wpcf7-id=\"222\">\n<div class=\"screen-reader-response\"><p role=\"status\" aria-live=\"polite\" aria-atomic=\"true\"><\/p> <ul><\/ul><\/div>\n<form action=\"\/es\/wp-json\/wp\/v2\/pages\/2001#wpcf7-f222-o1\" method=\"post\" class=\"wpcf7-form init\" aria-label=\"Contact form\" novalidate=\"novalidate\" data-status=\"init\" data-trp-original-action=\"\/es\/wp-json\/wp\/v2\/pages\/2001#wpcf7-f222-o1\">\n<div style=\"display: none;\">\n<input type=\"hidden\" name=\"_wpcf7\" value=\"222\" \/>\n<input type=\"hidden\" name=\"_wpcf7_version\" value=\"6.0.6\" \/>\n<input type=\"hidden\" name=\"_wpcf7_locale\" value=\"en_US\" \/>\n<input type=\"hidden\" name=\"_wpcf7_unit_tag\" value=\"wpcf7-f222-o1\" \/>\n<input type=\"hidden\" name=\"_wpcf7_container_post\" value=\"0\" \/>\n<input type=\"hidden\" name=\"_wpcf7_posted_data_hash\" value=\"\" \/>\n<input type=\"hidden\" name=\"_wpcf7dtx_version\" value=\"5.0.2\" \/>\n<\/div>\n<div class=\"sc_form sc_form_default form_white\">\n\t<div class=\"sc_form_details trx_addons_columns_wrap\">\n\t\t<div class=\"trx_addons_column-1_2\">\n\t\t\t<p><span class=\"wpcf7-form-control-wrap\" data-name=\"enter-your-name\"><input size=\"40\" maxlength=\"400\" class=\"wpcf7-form-control wpcf7-text wpcf7-validates-as-required\" aria-required=\"true\" aria-invalid=\"false\" placeholder=\"Nombre:\" value=\"\" type=\"text\" name=\"enter-your-name\" \/><\/span>\n\t\t\t<\/p>\n\t\t<\/div>\n\t\t<div class=\"trx_addons_column-1_2\">\n\t\t\t<p><span class=\"wpcf7-form-control-wrap\" data-name=\"enter-your-email\"><input size=\"40\" maxlength=\"400\" class=\"wpcf7-form-control wpcf7-email wpcf7-validates-as-required wpcf7-text wpcf7-validates-as-email\" aria-required=\"true\" aria-invalid=\"false\" placeholder=\"e-Mail:\" value=\"\" type=\"email\" name=\"enter-your-email\" \/><\/span>\n\t\t\t<\/p>\n\t\t<\/div>\n\t\t<div class=\"trx_addons_column-1_1\">\n\t\t\t<p><span class=\"wpcf7-form-control-wrap\" data-name=\"enter-your-message\"><textarea cols=\"40\" rows=\"10\" maxlength=\"2000\" class=\"wpcf7-form-control wpcf7-textarea\" aria-invalid=\"false\" placeholder=\"Tu Mensaje:\" name=\"enter-your-message\"><\/textarea><\/span>\n\t\t\t<\/p>\n\t\t<\/div>\n\t<\/div>\n\t<div class=\"sc_form_field sc_form_field_checkbox\">\n\t\t<p><span class=\"wpcf7-form-control-wrap\" data-name=\"acceptance-993\"><span class=\"wpcf7-form-control wpcf7-acceptance\"><span class=\"wpcf7-list-item\"><label><input type=\"checkbox\" name=\"acceptance-993\" value=\"1\" aria-invalid=\"false\" \/><span class=\"wpcf7-list-item-label\">Al utilizar este formulario, usted acepta el almacenamiento y manejo de sus datos por parte de BrokersAllianceRealty.com<\/span><\/label><\/span><\/span><\/span>\n\t\t<\/p>\n\t<\/div>\n\t<div class=\"sc_form_field sc_form_field_button sc_form_field_submit\">\n\t\t<p><input class=\"wpcf7-form-control wpcf7-submit has-spinner\" type=\"submit\" value=\"Enviar Mensaje\" \/>\n\t\t<\/p>\n\t<\/div>\n<\/div><div class=\"wpcf7-response-output\" aria-hidden=\"true\"><\/div>\n<input type=\"hidden\" name=\"trp-form-language\" value=\"es\"\/><\/form>\n<\/div>","protected":false},"excerpt":{"rendered":"<p>Real Estate Buying \/ Renting When you are searching for a property to buy or rent, it always means a monumental change has arrived to your life-path. The agents that represent Brokers Alliance Realty will never see real estate as a collection of addresses that list availability. We are match makers, of people with properties and life styles. Our success is our capacity to find your next dream home and match it with your financial ability, and see you through to the end of the contract&#8217;s execution. What we do for all our customers is professional, meticulous and knowledgable. Every transaction is exercised with decades of experience under our belt. advantages What You Can Expect From Us Experience Every agent in our team has decades of experience in South Florida real estate. We have seen changes in communities, sometimes for good, sometimes for bad, giving us a great perspective to&hellip;<\/p>","protected":false},"author":1,"featured_media":0,"parent":0,"menu_order":0,"comment_status":"closed","ping_status":"closed","template":"","meta":{"footnotes":""},"class_list":["post-2001","page","type-page","status-publish","hentry"],"yoast_head":"<!-- This site is optimized with the Yoast SEO plugin v27.2 - https:\/\/yoast.com\/product\/yoast-seo-wordpress\/ -->\n<title>Buying \/ Renting Real Estate - Brokers Alliance Realty<\/title>\n<meta name=\"description\" content=\"Our success is our capacity to find your next dream home and match it with your financial ability, and see your contract through to the end.\" \/>\n<meta name=\"robots\" content=\"index, follow, max-snippet:-1, max-image-preview:large, max-video-preview:-1\" \/>\n<link rel=\"canonical\" href=\"https:\/\/main.brokersalliancerealty.com\/es\/buying-renting-real-estate\/\" \/>\n<meta property=\"og:locale\" content=\"es_ES\" \/>\n<meta property=\"og:type\" content=\"article\" \/>\n<meta property=\"og:title\" content=\"Buy or Rent a Property with Brokers Alliance Realty\" \/>\n<meta property=\"og:description\" content=\"Our success is our capacity to find your next dream home and match it with your financial ability, and see you through to the end of the contract&#039;s execution.\" \/>\n<meta property=\"og:url\" content=\"https:\/\/main.brokersalliancerealty.com\/es\/buying-renting-real-estate\/\" \/>\n<meta property=\"og:site_name\" content=\"Brokers Alliance Realty\" \/>\n<meta property=\"article:modified_time\" content=\"2021-09-22T16:35:42+00:00\" \/>\n<meta property=\"og:image\" content=\"https:\/\/main.brokersalliancerealty.com\/wp-content\/uploads\/2021\/09\/buying-renting.jpg\" \/>\n\t<meta property=\"og:image:width\" content=\"514\" \/>\n\t<meta property=\"og:image:height\" content=\"400\" \/>\n\t<meta property=\"og:image:type\" content=\"image\/jpeg\" \/>\n<meta name=\"twitter:card\" content=\"summary_large_image\" \/>\n<meta name=\"twitter:title\" content=\"Buy or Rent a Property with Brokers Alliance Realty\" \/>\n<meta name=\"twitter:description\" content=\"Our success is our capacity to find your next dream home and match it with your financial ability, and see you through to the end of the contract&#039;s execution.\" \/>\n<meta name=\"twitter:image\" content=\"https:\/\/main.brokersalliancerealty.com\/wp-content\/uploads\/2021\/09\/buying-renting.jpg\" \/>\n<meta name=\"twitter:label1\" content=\"Tiempo de lectura\" \/>\n\t<meta name=\"twitter:data1\" content=\"2 minutos\" \/>\n<script type=\"application\/ld+json\" class=\"yoast-schema-graph\">{\"@context\":\"https:\/\/schema.org\",\"@graph\":[{\"@type\":\"WebPage\",\"@id\":\"https:\/\/main.brokersalliancerealty.com\/buying-renting-real-estate\/\",\"url\":\"https:\/\/main.brokersalliancerealty.com\/buying-renting-real-estate\/\",\"name\":\"Buying \/ Renting Real Estate - Brokers Alliance Realty\",\"isPartOf\":{\"@id\":\"https:\/\/main.brokersalliancerealty.com\/#website\"},\"primaryImageOfPage\":{\"@id\":\"https:\/\/main.brokersalliancerealty.com\/buying-renting-real-estate\/#primaryimage\"},\"image\":{\"@id\":\"https:\/\/main.brokersalliancerealty.com\/buying-renting-real-estate\/#primaryimage\"},\"thumbnailUrl\":\"http:\/\/brokersalliancerealty.com\/wp-content\/uploads\/2021\/09\/buying-renting.jpg\",\"datePublished\":\"2021-07-07T17:00:15+00:00\",\"dateModified\":\"2021-09-22T16:35:42+00:00\",\"description\":\"Our success is our capacity to find your next dream home and match it with your financial ability, and see your contract through to the end.\",\"breadcrumb\":{\"@id\":\"https:\/\/main.brokersalliancerealty.com\/buying-renting-real-estate\/#breadcrumb\"},\"inLanguage\":\"es\",\"potentialAction\":[{\"@type\":\"ReadAction\",\"target\":[\"https:\/\/main.brokersalliancerealty.com\/buying-renting-real-estate\/\"]}]},{\"@type\":\"ImageObject\",\"inLanguage\":\"es\",\"@id\":\"https:\/\/main.brokersalliancerealty.com\/buying-renting-real-estate\/#primaryimage\",\"url\":\"http:\/\/brokersalliancerealty.com\/wp-content\/uploads\/2021\/09\/buying-renting.jpg\",\"contentUrl\":\"http:\/\/brokersalliancerealty.com\/wp-content\/uploads\/2021\/09\/buying-renting.jpg\"},{\"@type\":\"BreadcrumbList\",\"@id\":\"https:\/\/main.brokersalliancerealty.com\/buying-renting-real-estate\/#breadcrumb\",\"itemListElement\":[{\"@type\":\"ListItem\",\"position\":1,\"name\":\"Home\",\"item\":\"https:\/\/main.brokersalliancerealty.com\/\"},{\"@type\":\"ListItem\",\"position\":2,\"name\":\"Buying \/ Renting Real Estate\"}]},{\"@type\":\"WebSite\",\"@id\":\"https:\/\/main.brokersalliancerealty.com\/#website\",\"url\":\"https:\/\/main.brokersalliancerealty.com\/\",\"name\":\"Brokers Alliance Realty\",\"description\":\"Partnering For Your Success\",\"publisher\":{\"@id\":\"https:\/\/main.brokersalliancerealty.com\/#organization\"},\"potentialAction\":[{\"@type\":\"SearchAction\",\"target\":{\"@type\":\"EntryPoint\",\"urlTemplate\":\"https:\/\/main.brokersalliancerealty.com\/?s={search_term_string}\"},\"query-input\":{\"@type\":\"PropertyValueSpecification\",\"valueRequired\":true,\"valueName\":\"search_term_string\"}}],\"inLanguage\":\"es\"},{\"@type\":\"Organization\",\"@id\":\"https:\/\/main.brokersalliancerealty.com\/#organization\",\"name\":\"Brokers Alliance Realty\",\"url\":\"https:\/\/main.brokersalliancerealty.com\/\",\"logo\":{\"@type\":\"ImageObject\",\"inLanguage\":\"es\",\"@id\":\"https:\/\/main.brokersalliancerealty.com\/#\/schema\/logo\/image\/\",\"url\":\"https:\/\/main.brokersalliancerealty.com\/wp-content\/uploads\/2019\/04\/cropped-logo.png\",\"contentUrl\":\"https:\/\/main.brokersalliancerealty.com\/wp-content\/uploads\/2019\/04\/cropped-logo.png\",\"width\":313,\"height\":216,\"caption\":\"Brokers Alliance Realty\"},\"image\":{\"@id\":\"https:\/\/main.brokersalliancerealty.com\/#\/schema\/logo\/image\/\"}}]}<\/script>\n<!-- \/ Yoast SEO plugin. -->","yoast_head_json":{"title":"Buying \/ Renting Real Estate - Brokers Alliance Realty","description":"Our success is our capacity to find your next dream home and match it with your financial ability, and see your contract through to the end.","robots":{"index":"index","follow":"follow","max-snippet":"max-snippet:-1","max-image-preview":"max-image-preview:large","max-video-preview":"max-video-preview:-1"},"canonical":"https:\/\/main.brokersalliancerealty.com\/es\/buying-renting-real-estate\/","og_locale":"es_ES","og_type":"article","og_title":"Buy or Rent a Property with Brokers Alliance Realty","og_description":"Our success is our capacity to find your next dream home and match it with your financial ability, and see you through to the end of the contract's execution.","og_url":"https:\/\/main.brokersalliancerealty.com\/es\/buying-renting-real-estate\/","og_site_name":"Brokers Alliance Realty","article_modified_time":"2021-09-22T16:35:42+00:00","og_image":[{"width":514,"height":400,"url":"https:\/\/main.brokersalliancerealty.com\/wp-content\/uploads\/2021\/09\/buying-renting.jpg","type":"image\/jpeg"}],"twitter_card":"summary_large_image","twitter_title":"Buy or Rent a Property with Brokers Alliance Realty","twitter_description":"Our success is our capacity to find your next dream home and match it with your financial ability, and see you through to the end of the contract's execution.","twitter_image":"https:\/\/main.brokersalliancerealty.com\/wp-content\/uploads\/2021\/09\/buying-renting.jpg","twitter_misc":{"Tiempo de lectura":"2 minutos"},"schema":{"@context":"https:\/\/schema.org","@graph":[{"@type":"WebPage","@id":"https:\/\/main.brokersalliancerealty.com\/buying-renting-real-estate\/","url":"https:\/\/main.brokersalliancerealty.com\/buying-renting-real-estate\/","name":"Buying \/ Renting Real Estate - Brokers Alliance Realty","isPartOf":{"@id":"https:\/\/main.brokersalliancerealty.com\/#website"},"primaryImageOfPage":{"@id":"https:\/\/main.brokersalliancerealty.com\/buying-renting-real-estate\/#primaryimage"},"image":{"@id":"https:\/\/main.brokersalliancerealty.com\/buying-renting-real-estate\/#primaryimage"},"thumbnailUrl":"http:\/\/brokersalliancerealty.com\/wp-content\/uploads\/2021\/09\/buying-renting.jpg","datePublished":"2021-07-07T17:00:15+00:00","dateModified":"2021-09-22T16:35:42+00:00","description":"Our success is our capacity to find your next dream home and match it with your financial ability, and see your contract through to the end.","breadcrumb":{"@id":"https:\/\/main.brokersalliancerealty.com\/buying-renting-real-estate\/#breadcrumb"},"inLanguage":"es","potentialAction":[{"@type":"ReadAction","target":["https:\/\/main.brokersalliancerealty.com\/buying-renting-real-estate\/"]}]},{"@type":"ImageObject","inLanguage":"es","@id":"https:\/\/main.brokersalliancerealty.com\/buying-renting-real-estate\/#primaryimage","url":"http:\/\/brokersalliancerealty.com\/wp-content\/uploads\/2021\/09\/buying-renting.jpg","contentUrl":"http:\/\/brokersalliancerealty.com\/wp-content\/uploads\/2021\/09\/buying-renting.jpg"},{"@type":"BreadcrumbList","@id":"https:\/\/main.brokersalliancerealty.com\/buying-renting-real-estate\/#breadcrumb","itemListElement":[{"@type":"ListItem","position":1,"name":"Home","item":"https:\/\/main.brokersalliancerealty.com\/"},{"@type":"ListItem","position":2,"name":"Buying \/ Renting Real Estate"}]},{"@type":"WebSite","@id":"https:\/\/main.brokersalliancerealty.com\/#website","url":"https:\/\/main.brokersalliancerealty.com\/","name":"Brokers Alliance Realty","description":"Partnering For Your Success","publisher":{"@id":"https:\/\/main.brokersalliancerealty.com\/#organization"},"potentialAction":[{"@type":"SearchAction","target":{"@type":"EntryPoint","urlTemplate":"https:\/\/main.brokersalliancerealty.com\/?s={search_term_string}"},"query-input":{"@type":"PropertyValueSpecification","valueRequired":true,"valueName":"search_term_string"}}],"inLanguage":"es"},{"@type":"Organization","@id":"https:\/\/main.brokersalliancerealty.com\/#organization","name":"Brokers Alliance Realty","url":"https:\/\/main.brokersalliancerealty.com\/","logo":{"@type":"ImageObject","inLanguage":"es","@id":"https:\/\/main.brokersalliancerealty.com\/#\/schema\/logo\/image\/","url":"https:\/\/main.brokersalliancerealty.com\/wp-content\/uploads\/2019\/04\/cropped-logo.png","contentUrl":"https:\/\/main.brokersalliancerealty.com\/wp-content\/uploads\/2019\/04\/cropped-logo.png","width":313,"height":216,"caption":"Brokers Alliance Realty"},"image":{"@id":"https:\/\/main.brokersalliancerealty.com\/#\/schema\/logo\/image\/"}}]}},"_links":{"self":[{"href":"https:\/\/main.brokersalliancerealty.com\/es\/wp-json\/wp\/v2\/pages\/2001","targetHints":{"allow":["GET"]}}],"collection":[{"href":"https:\/\/main.brokersalliancerealty.com\/es\/wp-json\/wp\/v2\/pages"}],"about":[{"href":"https:\/\/main.brokersalliancerealty.com\/es\/wp-json\/wp\/v2\/types\/page"}],"author":[{"embeddable":true,"href":"https:\/\/main.brokersalliancerealty.com\/es\/wp-json\/wp\/v2\/users\/1"}],"replies":[{"embeddable":true,"href":"https:\/\/main.brokersalliancerealty.com\/es\/wp-json\/wp\/v2\/comments?post=2001"}],"version-history":[{"count":92,"href":"https:\/\/main.brokersalliancerealty.com\/es\/wp-json\/wp\/v2\/pages\/2001\/revisions"}],"predecessor-version":[{"id":3865,"href":"https:\/\/main.brokersalliancerealty.com\/es\/wp-json\/wp\/v2\/pages\/2001\/revisions\/3865"}],"wp:attachment":[{"href":"https:\/\/main.brokersalliancerealty.com\/es\/wp-json\/wp\/v2\/media?parent=2001"}],"curies":[{"name":"wp","href":"https:\/\/api.w.org\/{rel}","templated":true}]}}